{"id":14,"date":"2020-08-26T10:53:55","date_gmt":"2020-08-26T10:53:55","guid":{"rendered":"http:\/\/ecolesdemines.be\/?page_id=14"},"modified":"2025-04-30T09:06:17","modified_gmt":"2025-04-30T09:06:17","slug":"horaire","status":"publish","type":"page","link":"https:\/\/ecolesdemines.be\/index.php\/sample-page\/horaire\/","title":{"rendered":"Horaire"},"content":{"rendered":"\n<p>7H00&nbsp;: garderies du matin&nbsp;: dans le r\u00e9fectoire pour les primaires et dans le local \u00ab&nbsp;garderie d\u2019Evelyne&nbsp;\u00bb pour les maternelles&nbsp;<\/p>\n\n\n\n<p>8h15&nbsp;: accueil des enfants en classe<\/p>\n\n\n\n<p>8H30 &#8211; 12H10 : cours<\/p>\n\n\n\n<p>12H10 &#8211; 13H25 : d\u00eener et r\u00e9cr\u00e9ation<\/p>\n\n\n\n<p>13H25 \u2013 15H30 : cours<\/p>\n\n\n\n<p>15H30 \u2013 18H00  : garderie<\/p>\n\n\n\n<p>15H40 &#8211; 16H40 : \u00e9tudes dirig\u00e9es.<\/p>\n\n\n\n<p><strong>Pour le bien-\u00eatre de chacun,\u00a0merci de\u00a0respecter les horaires.<\/strong><\/p>\n","protected":false},"excerpt":{"rendered":"<p>7H00&nbsp;: garderies du matin&nbsp;: dans le r\u00e9fectoire pour les primaires et dans le local \u00ab&nbsp;garderie d\u2019Evelyne&nbsp;\u00bb pour les maternelles&nbsp; 8h15&nbsp;: accueil des enfants en classe 8H30 &#8211; 12H10 : cours 12H10 &#8211; 13H25 : d\u00eener et r\u00e9cr\u00e9ation 13H25 \u2013 15H30 : cours 15H30 \u2013 18H00 : garderie 15H40 &#8211; 16H40 &hellip; <\/p>\n","protected":false},"author":1,"featured_media":0,"parent":2,"menu_order":0,"comment_status":"closed","ping_status":"closed","template":"","meta":{"footnotes":""},"class_list":["post-14","page","type-page","status-publish","hentry"],"_links":{"self":[{"href":"https:\/\/ecolesdemines.be\/index.php\/wp-json\/wp\/v2\/pages\/14","targetHints":{"allow":["GET"]}}],"collection":[{"href":"https:\/\/ecolesdemines.be\/index.php\/wp-json\/wp\/v2\/pages"}],"about":[{"href":"https:\/\/ecolesdemines.be\/index.php\/wp-json\/wp\/v2\/types\/page"}],"author":[{"embeddable":true,"href":"https:\/\/ecolesdemines.be\/index.php\/wp-json\/wp\/v2\/users\/1"}],"replies":[{"embeddable":true,"href":"https:\/\/ecolesdemines.be\/index.php\/wp-json\/wp\/v2\/comments?post=14"}],"version-history":[{"count":2,"href":"https:\/\/ecolesdemines.be\/index.php\/wp-json\/wp\/v2\/pages\/14\/revisions"}],"predecessor-version":[{"id":120,"href":"https:\/\/ecolesdemines.be\/index.php\/wp-json\/wp\/v2\/pages\/14\/revisions\/120"}],"up":[{"embeddable":true,"href":"https:\/\/ecolesdemines.be\/index.php\/wp-json\/wp\/v2\/pages\/2"}],"wp:attachment":[{"href":"https:\/\/ecolesdemines.be\/index.php\/wp-json\/wp\/v2\/media?parent=14"}],"curies":[{"name":"wp","href":"https:\/\/api.w.org\/{rel}","templated":true}]}}