{"id":16,"date":"2020-08-26T10:54:32","date_gmt":"2020-08-26T10:54:32","guid":{"rendered":"http:\/\/ecolesdemines.be\/?page_id=16"},"modified":"2025-04-30T09:06:17","modified_gmt":"2025-04-30T09:06:17","slug":"garderies-etudes","status":"publish","type":"page","link":"https:\/\/ecolesdemines.be\/index.php\/sample-page\/garderies-etudes\/","title":{"rendered":"GARDERIES\/ETUDES"},"content":{"rendered":"\t\t<div data-elementor-type=\"wp-page\" data-elementor-id=\"16\" class=\"elementor elementor-16\">\n\t\t\t\t\t\t<section class=\"elementor-section elementor-top-section elementor-element elementor-element-4bd53816 elementor-section-boxed elementor-section-height-default elementor-section-height-default\" data-id=\"4bd53816\" data-element_type=\"section\" data-e-type=\"section\">\n\t\t\t\t\t\t<div class=\"elementor-container elementor-column-gap-default\">\n\t\t\t\t\t<div class=\"elementor-column elementor-col-100 elementor-top-column elementor-element elementor-element-e11565a\" data-id=\"e11565a\" data-element_type=\"column\" data-e-type=\"column\">\n\t\t\t<div class=\"elementor-widget-wrap elementor-element-populated\">\n\t\t\t\t\t\t<div class=\"elementor-element elementor-element-6a598f05 elementor-widget elementor-widget-text-editor\" data-id=\"6a598f05\" data-element_type=\"widget\" data-e-type=\"widget\" data-widget_type=\"text-editor.default\">\n\t\t\t\t<div class=\"elementor-widget-container\">\n\t\t\t\t\t\t\t\t\t<p><\/p>\n<p><strong>GARDERIES<\/strong> : l\u2019ASBL R\u00e9cr\u00e9\u2019agique organise l\u2019accueil extrascolaire.<\/p>\n<p><img decoding=\"async\" class=\"alignnone size-medium wp-image-3566\" src=\"https:\/\/ecolesdemines.be\/wp-content\/uploads\/2024\/09\/recreagique_500-300x115.png\" alt=\"\" width=\"300\" height=\"115\" srcset=\"https:\/\/ecolesdemines.be\/wp-content\/uploads\/2024\/09\/recreagique_500-300x115.png 300w, https:\/\/ecolesdemines.be\/wp-content\/uploads\/2024\/09\/recreagique_500.png 500w\" sizes=\"(max-width: 300px) 100vw, 300px\" \/><\/p>\n<p><\/p>\n<p>R\u00e8glement d&rsquo;Ordre Int\u00e9rieur et Projet P\u00e9dagogique des accueils extrascolaires : <a href=\"https:\/\/www.recreagique.be\/labruyere\/roi.php\" data-type=\"link\" data-id=\"https:\/\/www.recreagique.be\/labruyere\/roi.php\">https:\/\/www.recreagique.be\/labruyere\/roi.php<\/a><\/p>\n<p><\/p>\n<p><strong>Informations sur les tarifs et modalit\u00e9s d\u2019accueil extrascolaire 2024-2025<\/strong><\/p>\n<p><\/p>\n<p>Votre enfant recevra un badge \u00e0 accrocher \u00e0 son cartable.<\/p>\n<p><\/p>\n<ul class=\"wp-block-list\">\n<li style=\"list-style-type: none;\">\n<ul class=\"wp-block-list\"><\/ul>\n<\/li>\n<\/ul>\n<ul class=\"wp-block-list\">\n<li style=\"list-style-type: none;\">\n<ul class=\"wp-block-list\">\n<li><strong>Tarif horaire<\/strong> : 0,052\u20ac par minute.<\/li>\n<\/ul>\n<\/li>\n<\/ul>\n<p><\/p>\n<ul class=\"wp-block-list\">\n<li style=\"list-style-type: none;\">\n<ul class=\"wp-block-list\">\n<li><strong>Plafond pour un accueil de moins de 3 heures<\/strong> : 5,21\u20ac, conform\u00e9ment aux dispositions de l&rsquo;ONE (susceptible de modification en cours d\u2019ann\u00e9e).<\/li>\n<\/ul>\n<\/li>\n<\/ul>\n<p><\/p>\n<ul class=\"wp-block-list\">\n<li style=\"list-style-type: none;\">\n<ul class=\"wp-block-list\">\n<li><strong>Mercredis apr\u00e8s-midi<\/strong> : plafonn\u00e9s \u00e0 6\u20ac maximum.<\/li>\n<\/ul>\n<\/li>\n<\/ul>\n<p><\/p>\n<ul class=\"wp-block-list\">\n<li style=\"list-style-type: none;\">\n<ul class=\"wp-block-list\">\n<li><strong>Journ\u00e9es p\u00e9dagogiques<\/strong> : tarif de 10\u20ac par journ\u00e9e.<\/li>\n<\/ul>\n<\/li>\n<\/ul>\n<p><\/p>\n<ul class=\"wp-block-list\">\n<li style=\"list-style-type: none;\">\n<ul class=\"wp-block-list\">\n<li><strong>Temps de midi<\/strong> : accueil gratuit.<\/li>\n<\/ul>\n<\/li>\n<\/ul>\n<p><\/p>\n<ul class=\"wp-block-list\">\n<li style=\"list-style-type: none;\">\n<ul class=\"wp-block-list\">\n<li><strong>Gratuit\u00e9 \u00e0 partir du 3e enfant<\/strong> : si trois enfants ou plus sont inscrits sur la m\u00eame facture et pr\u00e9sents simultan\u00e9ment \u00e0 l&rsquo;accueil, le tarif pour le 3e enfant (et les suivants) est gratuit.<\/li>\n<\/ul>\n<\/li>\n<\/ul>\n<p><\/p>\n<p><\/p>\n<hr class=\"wp-block-separator has-alpha-channel-opacity\" \/>\n<p><\/p>\n<p><strong>Informations compl\u00e9mentaires :<\/strong><\/p>\n<p><\/p>\n<ul class=\"wp-block-list\">\n<li style=\"list-style-type: none;\">\n<ul class=\"wp-block-list\"><\/ul>\n<\/li>\n<\/ul>\n<ul class=\"wp-block-list\">\n<li style=\"list-style-type: none;\">\n<ul class=\"wp-block-list\">\n<li>Le plafond de l&rsquo;ONE s\u2019applique uniquement pour l&rsquo;accueil du soir, qui est la seule p\u00e9riode subsidi\u00e9e. Les p\u00e9riodes du matin et du soir ne sont pas cumulables.<\/li>\n<\/ul>\n<\/li>\n<\/ul>\n<p><\/p>\n<ul class=\"wp-block-list\">\n<li style=\"list-style-type: none;\">\n<ul class=\"wp-block-list\">\n<li>Le mercredi, le tarif est calcul\u00e9 \u00e0 la minute jusqu\u2019\u00e0 atteindre 6\u20ac. D\u00e8s ce montant atteint (environ 14h15), il n\u2019y a plus de frais suppl\u00e9mentaires.<\/li>\n<\/ul>\n<\/li>\n<\/ul>\n<p><\/p>\n<ul class=\"wp-block-list\">\n<li style=\"list-style-type: none;\">\n<ul class=\"wp-block-list\">\n<li><strong>Horaires de l&rsquo;accueil extrascolaire (garderie<\/strong>) :<br \/>\n<ul class=\"wp-block-list\">\n<li style=\"list-style-type: none;\">\n<ul class=\"wp-block-list\"><\/ul>\n<\/li>\n<\/ul>\n<ul class=\"wp-block-list\">\n<li style=\"list-style-type: none;\">\n<ul class=\"wp-block-list\">\n<li>Matin : ouverture \u00e0 7h00, payante jusqu\u2019\u00e0 8h15.<\/li>\n<\/ul>\n<\/li>\n<\/ul>\n<p><\/p>\n<ul class=\"wp-block-list\">\n<li style=\"list-style-type: none;\">\n<ul class=\"wp-block-list\">\n<li>Soir : payante de 15h40 \u00e0 18h00.<\/li>\n<\/ul>\n<\/li>\n<\/ul>\n<p><\/p>\n<ul class=\"wp-block-list\">\n<li style=\"list-style-type: none;\">\n<ul class=\"wp-block-list\">\n<li>Mercredi apr\u00e8s-midi : payante \u00e0 partir de 12h20 jusqu\u2019\u00e0 18h00.<\/li>\n<\/ul>\n<\/li>\n<\/ul>\n<p><\/p>\n<p><\/p>\n<\/li>\n<\/ul>\n<\/li>\n<\/ul>\n<p><\/p>\n<p><\/p>\n<p>Les parents sont tenus de venir r\u00e9cup\u00e9rer leur(s) enfant(s) au plus tard 5 minutes avant l\u2019heure de fermeture de la garderie. En cas de retard, une amende sera appliqu\u00e9e :<\/p>\n<p><\/p>\n<ul class=\"wp-block-list\">\n<li style=\"list-style-type: none;\">\n<ul class=\"wp-block-list\"><\/ul>\n<\/li>\n<\/ul>\n<ul class=\"wp-block-list\">\n<li style=\"list-style-type: none;\">\n<ul class=\"wp-block-list\">\n<li>5\u20ac pour 5 minutes de retard<\/li>\n<\/ul>\n<\/li>\n<\/ul>\n<p><\/p>\n<ul class=\"wp-block-list\">\n<li style=\"list-style-type: none;\">\n<ul class=\"wp-block-list\">\n<li>10\u20ac pour 10 minutes<\/li>\n<\/ul>\n<\/li>\n<\/ul>\n<p><\/p>\n<ul class=\"wp-block-list\">\n<li style=\"list-style-type: none;\">\n<ul class=\"wp-block-list\">\n<li>20\u20ac pour tout retard sup\u00e9rieur \u00e0 15 minutes.<\/li>\n<\/ul>\n<\/li>\n<\/ul>\n<p><\/p>\n<p><\/p>\n<hr class=\"wp-block-separator has-alpha-channel-opacity\" \/>\n<p><\/p>\n<h3 class=\"wp-block-heading\">\u00c9tudes surveill\u00e9es pour les \u00e9l\u00e8ves du primaire<\/h3>\n<p><\/p>\n<p>R\u00e9cr\u00e9aSchool propose des <strong>\u00e9tudes surveill\u00e9es<\/strong> pour les \u00e9l\u00e8ves du primaire, offrant un encadrement apr\u00e8s les heures de classe.<\/p>\n<p><\/p>\n<ul class=\"wp-block-list\">\n<li style=\"list-style-type: none;\">\n<ul class=\"wp-block-list\"><\/ul>\n<\/li>\n<\/ul>\n<ul class=\"wp-block-list\">\n<li style=\"list-style-type: none;\">\n<ul class=\"wp-block-list\">\n<li><strong>Tarif<\/strong> : 0,90 \u20ac par quart d\u2019heure.<\/li>\n<\/ul>\n<\/li>\n<\/ul>\n<p><\/p>\n<ul class=\"wp-block-list\">\n<li style=\"list-style-type: none;\">\n<ul class=\"wp-block-list\">\n<li><strong>Horaire : <\/strong> 15h45 &#8211; 16h45<\/li>\n<\/ul>\n<\/li>\n<\/ul>\n<p><\/p>\n<ul class=\"wp-block-list\">\n<li style=\"list-style-type: none;\">\n<ul class=\"wp-block-list\">\n<li><strong>Facturation<\/strong> : en fin de mois<\/li>\n<\/ul>\n<\/li>\n<\/ul>\n<p><\/p>\n<p><\/p>\n<p>Pour toute question ou information compl\u00e9mentaire, n&rsquo;h\u00e9sitez pas \u00e0 contacter <strong>R\u00e9cr\u00e9aSchool<\/strong> au <strong>0475\/41.70.24<\/strong>.<\/p>\n<p><\/p>\n<p><\/p>\n<p><\/p>\t\t\t\t\t\t\t\t<\/div>\n\t\t\t\t<\/div>\n\t\t\t\t\t<\/div>\n\t\t<\/div>\n\t\t\t\t\t<\/div>\n\t\t<\/section>\n\t\t\t\t<\/div>\n\t\t","protected":false},"excerpt":{"rendered":"<p>GARDERIES : l\u2019ASBL R\u00e9cr\u00e9\u2019agique organise l\u2019accueil extrascolaire. R\u00e8glement d&rsquo;Ordre Int\u00e9rieur et Projet P\u00e9dagogique des accueils extrascolaires : https:\/\/www.recreagique.be\/labruyere\/roi.php Informations sur les tarifs et modalit\u00e9s d\u2019accueil extrascolaire 2024-2025 Votre enfant recevra un badge \u00e0 accrocher \u00e0 son cartable. Informations compl\u00e9mentaires : Les parents sont tenus de venir r\u00e9cup\u00e9rer leur(s) enfant(s) au &hellip; <\/p>\n","protected":false},"author":1,"featured_media":0,"parent":2,"menu_order":0,"comment_status":"closed","ping_status":"closed","template":"","meta":{"footnotes":""},"class_list":["post-16","page","type-page","status-publish","hentry"],"_links":{"self":[{"href":"https:\/\/ecolesdemines.be\/index.php\/wp-json\/wp\/v2\/pages\/16","targetHints":{"allow":["GET"]}}],"collection":[{"href":"https:\/\/ecolesdemines.be\/index.php\/wp-json\/wp\/v2\/pages"}],"about":[{"href":"https:\/\/ecolesdemines.be\/index.php\/wp-json\/wp\/v2\/types\/page"}],"author":[{"embeddable":true,"href":"https:\/\/ecolesdemines.be\/index.php\/wp-json\/wp\/v2\/users\/1"}],"replies":[{"embeddable":true,"href":"https:\/\/ecolesdemines.be\/index.php\/wp-json\/wp\/v2\/comments?post=16"}],"version-history":[{"count":16,"href":"https:\/\/ecolesdemines.be\/index.php\/wp-json\/wp\/v2\/pages\/16\/revisions"}],"predecessor-version":[{"id":3572,"href":"https:\/\/ecolesdemines.be\/index.php\/wp-json\/wp\/v2\/pages\/16\/revisions\/3572"}],"up":[{"embeddable":true,"href":"https:\/\/ecolesdemines.be\/index.php\/wp-json\/wp\/v2\/pages\/2"}],"wp:attachment":[{"href":"https:\/\/ecolesdemines.be\/index.php\/wp-json\/wp\/v2\/media?parent=16"}],"curies":[{"name":"wp","href":"https:\/\/api.w.org\/{rel}","templated":true}]}}