{"id":1640,"date":"2022-06-13T20:06:52","date_gmt":"2022-06-13T20:06:52","guid":{"rendered":"https:\/\/ecolesdemines.be\/?page_id=1640"},"modified":"2025-04-30T09:06:17","modified_gmt":"2025-04-30T09:06:17","slug":"22novembre-2021","status":"publish","type":"page","link":"https:\/\/ecolesdemines.be\/index.php\/22novembre-2021\/","title":{"rendered":"22novembre 2021"},"content":{"rendered":"\n<figure class=\"wp-block-table\"><table><tbody><tr><td><strong>R\u00e9union APE<\/strong><\/td><\/tr><\/tbody><\/table><\/figure>\n\n\n\n<p><strong><u><\/u><\/strong><\/p>\n\n\n\n<figure class=\"wp-block-table\"><table><tbody><tr><td>&nbsp;<\/td><\/tr><\/tbody><\/table><\/figure>\n\n\n\n<p><strong><em><u>22novembre 2021<\/u><\/em><\/strong><strong><em><\/em><\/strong><\/p>\n\n\n\n<p><strong><em>Pr\u00e9sents&nbsp;<\/em><\/strong>:Yasmina, Amaury, Julien, Damien, Madame Sophie, Madame Goffaux, Madame Pauline, Madame S\u00e9verine, Am\u00e9lie, Aur\u00e9lie, Madame Virginie, Guillaume, Pierre, Marie<\/p>\n\n\n\n<p>Feedback marche ADEPS du 11\/11&nbsp;:<\/p>\n\n\n\n<ul class=\"wp-block-list\"><li>4025\u20ac de b\u00e9n\u00e9fices desquels il faut encore d\u00e9duire la facture d\u2019Hallet<\/li><li>Trop peu de&nbsp;b\u00e9n\u00e9voles&nbsp;: que faire pour avoir plus de b\u00e9n\u00e9voles l\u2019ann\u00e9e prochaine&nbsp;?<\/li><li>Ou alors ne plus l\u2019organiser l\u2019ann\u00e9e prochaine et faire une fancy-marche \u00e0 la place&nbsp;? Quelle date&nbsp;?<\/li><\/ul>\n\n\n\n<p>Saint-Nicolas<\/p>\n\n\n\n<ul class=\"wp-block-list\"><li>Budget de 80\u20ac par classe comme l\u2019ann\u00e9e pr\u00e9c\u00e9dente.<\/li><\/ul>\n\n\n\n<p>Toilettes<\/p>\n\n\n\n<ul class=\"wp-block-list\"><li>Courrier pas encore envoy\u00e9 au bourgmestre mais cela sera fait prochainement par Damien<\/li><li>Se renseigner aupr\u00e8s du projet \u00ab&nbsp;Tournons autour du pot&nbsp;\u00bb<\/li><\/ul>\n\n\n\n<p><\/p>\n","protected":false},"excerpt":{"rendered":"<p>R\u00e9union APE &nbsp; 22novembre 2021 Pr\u00e9sents&nbsp;:Yasmina, Amaury, Julien, Damien, Madame Sophie, Madame Goffaux, Madame Pauline, Madame S\u00e9verine, Am\u00e9lie, Aur\u00e9lie, Madame Virginie, Guillaume, Pierre, Marie Feedback marche ADEPS du 11\/11&nbsp;: 4025\u20ac de b\u00e9n\u00e9fices desquels il faut encore d\u00e9duire la facture d\u2019Hallet Trop peu de&nbsp;b\u00e9n\u00e9voles&nbsp;: que faire pour avoir plus de b\u00e9n\u00e9voles &hellip; <\/p>\n","protected":false},"author":3,"featured_media":0,"parent":0,"menu_order":0,"comment_status":"closed","ping_status":"closed","template":"","meta":{"footnotes":""},"class_list":["post-1640","page","type-page","status-publish","hentry"],"_links":{"self":[{"href":"https:\/\/ecolesdemines.be\/index.php\/wp-json\/wp\/v2\/pages\/1640","targetHints":{"allow":["GET"]}}],"collection":[{"href":"https:\/\/ecolesdemines.be\/index.php\/wp-json\/wp\/v2\/pages"}],"about":[{"href":"https:\/\/ecolesdemines.be\/index.php\/wp-json\/wp\/v2\/types\/page"}],"author":[{"embeddable":true,"href":"https:\/\/ecolesdemines.be\/index.php\/wp-json\/wp\/v2\/users\/3"}],"replies":[{"embeddable":true,"href":"https:\/\/ecolesdemines.be\/index.php\/wp-json\/wp\/v2\/comments?post=1640"}],"version-history":[{"count":1,"href":"https:\/\/ecolesdemines.be\/index.php\/wp-json\/wp\/v2\/pages\/1640\/revisions"}],"predecessor-version":[{"id":1641,"href":"https:\/\/ecolesdemines.be\/index.php\/wp-json\/wp\/v2\/pages\/1640\/revisions\/1641"}],"wp:attachment":[{"href":"https:\/\/ecolesdemines.be\/index.php\/wp-json\/wp\/v2\/media?parent=1640"}],"curies":[{"name":"wp","href":"https:\/\/api.w.org\/{rel}","templated":true}]}}