{"id":18,"date":"2020-08-26T10:54:58","date_gmt":"2020-08-26T10:54:58","guid":{"rendered":"http:\/\/ecolesdemines.be\/?page_id=18"},"modified":"2025-04-30T09:06:18","modified_gmt":"2025-04-30T09:06:18","slug":"repas-et-collations","status":"publish","type":"page","link":"https:\/\/ecolesdemines.be\/index.php\/sample-page\/repas-et-collations\/","title":{"rendered":"Repas et collations"},"content":{"rendered":"\t\t<div data-elementor-type=\"wp-page\" data-elementor-id=\"18\" class=\"elementor elementor-18\">\n\t\t\t\t\t\t<section class=\"elementor-section elementor-top-section elementor-element elementor-element-1b5265a1 elementor-section-boxed elementor-section-height-default elementor-section-height-default\" data-id=\"1b5265a1\" data-element_type=\"section\" data-e-type=\"section\">\n\t\t\t\t\t\t<div class=\"elementor-container elementor-column-gap-default\">\n\t\t\t\t\t<div class=\"elementor-column elementor-col-100 elementor-top-column elementor-element elementor-element-548753bc\" data-id=\"548753bc\" data-element_type=\"column\" data-e-type=\"column\">\n\t\t\t<div class=\"elementor-widget-wrap elementor-element-populated\">\n\t\t\t\t\t\t<div class=\"elementor-element elementor-element-6a09ee2a elementor-widget elementor-widget-text-editor\" data-id=\"6a09ee2a\" data-element_type=\"widget\" data-e-type=\"widget\" data-widget_type=\"text-editor.default\">\n\t\t\t\t<div class=\"elementor-widget-container\">\n\t\t\t\t\t\t\t\t\t<p><\/p>\n<div class=\"wp-block-image\">\n<figure class=\"alignright size-large\"><img fetchpriority=\"high\" decoding=\"async\" width=\"250\" height=\"250\" class=\"wp-image-150\" src=\"https:\/\/ecolesdemines.be\/wp-content\/uploads\/2020\/09\/repas-chauds.png\" alt=\"\" srcset=\"https:\/\/ecolesdemines.be\/wp-content\/uploads\/2020\/09\/repas-chauds.png 250w, https:\/\/ecolesdemines.be\/wp-content\/uploads\/2020\/09\/repas-chauds-150x150.png 150w, https:\/\/ecolesdemines.be\/wp-content\/uploads\/2020\/09\/repas-chauds-60x60.png 60w, https:\/\/ecolesdemines.be\/wp-content\/uploads\/2020\/09\/repas-chauds-235x235.png 235w\" sizes=\"(max-width: 250px) 100vw, 250px\" \/><\/figure>\n<\/div>\n<p><\/p>\n<p><\/p>\n<p><strong>REPAS<\/strong> <strong>CHAUDS<\/strong><\/p>\n<p><\/p>\n<p><\/p>\n<p>Le repas chaud (potage, plat, dessert) est propos\u00e9 au prix de 4,90 \u20ac aux enfants de maternelle et 5,40 \u20ac aux enfants de primaire. Le potage co\u00fbte 0,60 \u20ac.<\/p>\n<p><\/p>\n<p><\/p>\n<p>L\u2019inscription au potage ou au repas se fait via le formulaire qui vous est envoy\u00e9 par mail via konecto.<\/p>\n<p><\/p>\n<p><\/p>\n<p><strong>Votre paiement fera office de confirmation de votre commande\u00a0: sur le compte BE21 0962 3230 3503 <\/strong>de l\u2019association des parents. En communication, merci d\u2019indiquer le nom de votre enfant et le mois pour lequel vous effectuez le paiement.<\/p>\n<p><\/p>\n<p><\/p>\n<p>Les commandes pourront \u00eatre annul\u00e9es la veille avant 10h (le vendredi pour le repas \u00a0<\/p>\n<p><\/p>\n<p><\/p>\n<p>du lundi).<\/p>\n<p><\/p>\n<p><\/p>\n<p>Nous collaborons avec TCO service qui nous livre\u00a0les repas.<\/p>\n<p><\/p>\n<p><\/p>\n<p><strong>REPAS \u00ab\u00a0TARTINES\u00a0\u00bb<\/strong><\/p>\n<p><\/p>\n<p><\/p>\n<div class=\"wp-block-image\">\n<figure class=\"alignleft size-large is-resized\"><img decoding=\"async\" class=\"wp-image-154\" src=\"https:\/\/ecolesdemines.be\/wp-content\/uploads\/2020\/09\/tartines.jpg\" alt=\"\" width=\"219\" height=\"127\" \/><\/figure>\n<\/div>\n<p><\/p>\n<p><\/p>\n<p>Les enfants prennent le repas \u00ab\u00a0tartines\u00a0\u00bb en classe avec leur institutrice. \u00a0Merci de pr\u00e9coniser des bo\u00eetes \u00e0 tartines, des gourdes, \u2026<\/p>\n<p><\/p>\n<p><\/p>\n<p><\/p>\n<p><\/p>\n<p><strong>Pour des raisons d\u2019organisation et de s\u00e9curit\u00e9, le four \u00e0 micro-ondes n\u2019est plus mis \u00e0 disposition pour r\u00e9chauffer les plats des enfants.<\/strong><\/p>\n<p><\/p>\n<p><\/p>\n<div class=\"wp-block-image\">\n<figure class=\"alignright size-large is-resized\"><img decoding=\"async\" class=\"wp-image-166\" src=\"https:\/\/ecolesdemines.be\/wp-content\/uploads\/2020\/09\/collation-saine-1024x683.jpg\" alt=\"\" width=\"317\" height=\"211\" srcset=\"https:\/\/ecolesdemines.be\/wp-content\/uploads\/2020\/09\/collation-saine-1024x683.jpg 1024w, https:\/\/ecolesdemines.be\/wp-content\/uploads\/2020\/09\/collation-saine-300x200.jpg 300w, https:\/\/ecolesdemines.be\/wp-content\/uploads\/2020\/09\/collation-saine-768x513.jpg 768w, https:\/\/ecolesdemines.be\/wp-content\/uploads\/2020\/09\/collation-saine-1536x1025.jpg 1536w, https:\/\/ecolesdemines.be\/wp-content\/uploads\/2020\/09\/collation-saine-600x400.jpg 600w, https:\/\/ecolesdemines.be\/wp-content\/uploads\/2020\/09\/collation-saine.jpg 1687w\" sizes=\"(max-width: 317px) 100vw, 317px\" \/><\/figure>\n<\/div>\n<p><\/p>\n<p><\/p>\n<p><strong>COLLATIONS<\/strong><\/p>\n<p><\/p>\n<p><\/p>\n<p>Nous poursuivons le projet des collations saines\u00a0; \u00e0 savoir\u00a0: des produits laitiers, des fruits, des l\u00e9gumes, des produits \u00ab\u00a0maison\u00a0\u00bb, artisanaux, locaux et\/ou bio et\/ou \u00e9quitables.<\/p>\n<p>Dans le cadre de notre projet d&rsquo;alimentation saine au sein de notre \u00e9cole, nous avons le plaisir de vous annoncer que chaque enfant b\u00e9n\u00e9ficiera \u00e0 nouveau d&rsquo;un fruit ou d&rsquo;un l\u00e9gume gratuit en collation chaque vendredi d\u00e8s fin novembre 2024. En effet, l&rsquo;\u00e9cole participe au projet europ\u00e9en \u00ab\u00a0fruits et l\u00e9gumes\u00a0\u00bb gr\u00e2ce au soutien de la Wallonie.\u00a0<\/p>\n<p><img loading=\"lazy\" decoding=\"async\" class=\"alignnone size-medium wp-image-1827\" src=\"https:\/\/ecolesdemines.be\/wp-content\/uploads\/2022\/11\/Ecoles-programme-europeen1-300x150.jpg\" alt=\"\" width=\"300\" height=\"150\" srcset=\"https:\/\/ecolesdemines.be\/wp-content\/uploads\/2022\/11\/Ecoles-programme-europeen1-300x150.jpg 300w, https:\/\/ecolesdemines.be\/wp-content\/uploads\/2022\/11\/Ecoles-programme-europeen1-1024x512.jpg 1024w, https:\/\/ecolesdemines.be\/wp-content\/uploads\/2022\/11\/Ecoles-programme-europeen1-768x384.jpg 768w, https:\/\/ecolesdemines.be\/wp-content\/uploads\/2022\/11\/Ecoles-programme-europeen1.jpg 1110w\" sizes=\"(max-width: 300px) 100vw, 300px\" \/><\/p>\n<p><\/p>\n<p>&#8211;<\/p>\t\t\t\t\t\t\t\t<\/div>\n\t\t\t\t<\/div>\n\t\t\t\t\t<\/div>\n\t\t<\/div>\n\t\t\t\t\t<\/div>\n\t\t<\/section>\n\t\t\t\t<\/div>\n\t\t","protected":false},"excerpt":{"rendered":"<p>REPAS CHAUDS Le repas chaud (potage, plat, dessert) est propos\u00e9 au prix de 4,90 \u20ac aux enfants de maternelle et 5,40 \u20ac aux enfants de primaire. Le potage co\u00fbte 0,60 \u20ac. L\u2019inscription au potage ou au repas se fait via le formulaire qui vous est envoy\u00e9 par mail via konecto. &hellip; <\/p>\n","protected":false},"author":1,"featured_media":0,"parent":2,"menu_order":0,"comment_status":"closed","ping_status":"closed","template":"","meta":{"footnotes":""},"class_list":["post-18","page","type-page","status-publish","hentry"],"_links":{"self":[{"href":"https:\/\/ecolesdemines.be\/index.php\/wp-json\/wp\/v2\/pages\/18","targetHints":{"allow":["GET"]}}],"collection":[{"href":"https:\/\/ecolesdemines.be\/index.php\/wp-json\/wp\/v2\/pages"}],"about":[{"href":"https:\/\/ecolesdemines.be\/index.php\/wp-json\/wp\/v2\/types\/page"}],"author":[{"embeddable":true,"href":"https:\/\/ecolesdemines.be\/index.php\/wp-json\/wp\/v2\/users\/1"}],"replies":[{"embeddable":true,"href":"https:\/\/ecolesdemines.be\/index.php\/wp-json\/wp\/v2\/comments?post=18"}],"version-history":[{"count":41,"href":"https:\/\/ecolesdemines.be\/index.php\/wp-json\/wp\/v2\/pages\/18\/revisions"}],"predecessor-version":[{"id":3580,"href":"https:\/\/ecolesdemines.be\/index.php\/wp-json\/wp\/v2\/pages\/18\/revisions\/3580"}],"up":[{"embeddable":true,"href":"https:\/\/ecolesdemines.be\/index.php\/wp-json\/wp\/v2\/pages\/2"}],"wp:attachment":[{"href":"https:\/\/ecolesdemines.be\/index.php\/wp-json\/wp\/v2\/media?parent=18"}],"curies":[{"name":"wp","href":"https:\/\/api.w.org\/{rel}","templated":true}]}}