{"id":24,"date":"2020-08-26T10:55:58","date_gmt":"2020-08-26T10:55:58","guid":{"rendered":"http:\/\/ecolesdemines.be\/?page_id=24"},"modified":"2025-04-30T09:06:18","modified_gmt":"2025-04-30T09:06:18","slug":"accueil-m1-madame-daniele","status":"publish","type":"page","link":"https:\/\/ecolesdemines.be\/index.php\/nos-classes\/accueil-m1-madame-daniele\/","title":{"rendered":"Accueil\/M1 : Madame Dani\u00e8le et Madame Christelle (pu\u00e9ricultrice)"},"content":{"rendered":"\n<p class=\"has-large-font-size\"><span style=\"color:#9b51e0\" class=\"tadv-color\">BIENVENUE EN ACCUEIL\/M1<\/span><\/p>\n\n\n\n<figure class=\"wp-block-image size-large\"><img fetchpriority=\"high\" decoding=\"async\" width=\"605\" height=\"454\" src=\"https:\/\/ecolesdemines.be\/wp-content\/uploads\/2020\/09\/image.png\" alt=\"\" class=\"wp-image-208\" srcset=\"https:\/\/ecolesdemines.be\/wp-content\/uploads\/2020\/09\/image.png 605w, https:\/\/ecolesdemines.be\/wp-content\/uploads\/2020\/09\/image-300x225.png 300w\" sizes=\"(max-width: 605px) 100vw, 605px\" \/><\/figure>\n\n\n<div class=\"wp-block-image\">\n<figure class=\"aligncenter size-large is-resized\"><img decoding=\"async\" width=\"768\" height=\"1024\" src=\"https:\/\/ecolesdemines.be\/wp-content\/uploads\/2020\/10\/christelle-768x1024.jpg\" alt=\"\" class=\"wp-image-381\" style=\"width:346px;height:461px\" srcset=\"https:\/\/ecolesdemines.be\/wp-content\/uploads\/2020\/10\/christelle-768x1024.jpg 768w, https:\/\/ecolesdemines.be\/wp-content\/uploads\/2020\/10\/christelle-225x300.jpg 225w, https:\/\/ecolesdemines.be\/wp-content\/uploads\/2020\/10\/christelle-1152x1536.jpg 1152w, https:\/\/ecolesdemines.be\/wp-content\/uploads\/2020\/10\/christelle-1536x2048.jpg 1536w, https:\/\/ecolesdemines.be\/wp-content\/uploads\/2020\/10\/christelle-scaled.jpg 1920w\" sizes=\"(max-width: 768px) 100vw, 768px\" \/><\/figure><\/div>\n\n\n<p class=\"has-large-font-size\"><strong><span style=\"color:#0693e3\" class=\"tadv-color\">Vivons et appr\u00e9cions les petits moments de bonheur pr\u00e9sents&nbsp;!&nbsp;<\/span><\/strong><\/p>\n\n\n\n<p><\/p>\n\n\n\n<p>Voici donc quelques informations qui vous seront utiles concernant la vie de la classe.<\/p>\n\n\n\n<ol class=\"wp-block-list\">\n<li><strong>Journ\u00e9e type\u00a0:<\/strong><\/li>\n<\/ol>\n\n\n\n<p>8h15-9h&nbsp;: jeux libres&nbsp;: les enfants arrivent en classe, ils doivent se laver les mains et se rendre aux jeux install\u00e9s aux tables.<\/p>\n\n\n\n<p>9h&nbsp;: rituels du matin&nbsp;au coin rassemblement&nbsp;sur les bancs&nbsp;:<\/p>\n\n\n\n<p>-on se dit bonjour en chanson<\/p>\n\n\n\n<p>&#8211; panneaux des pr\u00e9sences<\/p>\n\n\n\n<p>&#8211; on se compte (pr\u00e9sents \u2013 absents)<\/p>\n\n\n\n<p>&#8211; calendriers (semaine et mois, certains rep\u00e8res y sont not\u00e9s)<\/p>\n\n\n\n<p>&#8211; \u00e0 la fin de la journ\u00e9e, nous cachons la journ\u00e9e d\u2019\u00e9cole<\/p>\n\n\n\n<p>&#8211; le moment de parole&nbsp;: l\u2019enfant peut prendre la parole s\u2019il<\/p>\n\n\n\n<p>&nbsp;&nbsp;&nbsp;le d\u00e9sire et parler d\u2019un sujet qui le touche.<\/p>\n\n\n\n<p>&nbsp;&#8211; activit\u00e9 collective ou en ateliers (petits groupes)<\/p>\n\n\n\n<p>10h&nbsp;: collation&nbsp;: lavage des mains<\/p>\n\n\n\n<p>&nbsp;-prendre son cartable, l\u2019ouvrir et prendre la collation ad\u00e9quate du jour.<\/p>\n\n\n\n<p>Mme Christelle et moi-m\u00eame sommes l\u00e0 pour les aider en cas de besoin.<\/p>\n\n\n\n<p>Lavage des mains et manteaux (technique du manteau au sol est vivement d\u00e9conseill\u00e9e)<\/p>\n\n\n\n<p>10h30-10h50&nbsp;: r\u00e9cr\u00e9ation<\/p>\n\n\n\n<p>10h50&nbsp;: lavage des mains et coin rassemblement&nbsp;: lecture d\u2019un album en rapport avec le projet ou sujet du moment.<\/p>\n\n\n\n<p>Activit\u00e9 collective de psychomotricit\u00e9 de courte dur\u00e9e.<\/p>\n\n\n\n<p>11h30&nbsp;: repas tartines en classe et repas chaud au r\u00e9fectoire (une dame vient les chercher et les aide \u00e0 manger).<\/p>\n\n\n\n<p>12h10&nbsp;: sortie le mercredi<\/p>\n\n\n\n<p>&nbsp;&nbsp;&nbsp;&nbsp;&nbsp;&nbsp;&nbsp;&nbsp;&nbsp; :  sieste avec Mme Christelle<\/p>\n\n\n\n<p>&nbsp;&nbsp;&nbsp;&nbsp;&nbsp;&nbsp;&nbsp;&nbsp; Ce serait bien que doudou et t\u00e9tine restent \u00e0 l\u2019\u00e9cole.<\/p>\n\n\n\n<p>&nbsp;&nbsp;&nbsp;&nbsp;&nbsp;&nbsp;&nbsp;&nbsp;&nbsp;&nbsp;Le n\u00e9cessaire de sieste vous sera rendu avant chaque cong\u00e9.<\/p>\n\n\n\n<p>14h45&nbsp;: coin rassemblement&nbsp;: boire, on se rem\u00e9more la journ\u00e9e et on se pr\u00e9pare pour rentrer \u00e0 la maison, chanson pour se dire au revoir, rang 2 par 2<\/p>\n\n\n\n<p>15h25&nbsp;: sortie<\/p>\n\n\n\n<p><strong>2. sorties pr\u00e9vues&nbsp;:<\/strong><\/p>\n\n\n\n<p>Les informations vous seront transmises en cours de l&rsquo;ann\u00e9e en fonction des conditions sanitaires.<\/p>\n\n\n\n<p><strong>3. La psychomotricit\u00e9&nbsp;:<\/strong><\/p>\n\n\n\n<p>Elle aura lieu le mercredi (v\u00eatements amples et chaussures adapt\u00e9es&nbsp;: baskets) avec monsieur Jean- Christophe.<\/p>\n\n\n\n<p>4. Doudous et t\u00e9tines:<\/p>\n\n\n\n<p>Vous pouvez glisser le doudou de votre enfant dans le cartable afin qu&rsquo;il puisse le prendre s&rsquo;il en a besoin.<\/p>\n\n\n\n<p>Le plus facile est d&rsquo;en apporter deux: un qui restera sur le lit et un qui voyagera entre l&rsquo;\u00e9cole et la maison via le cartable.<\/p>\n\n\n\n<p>Afin de favoriser le d\u00e9veloppement du langage, les t\u00e9tines sont accept\u00e9es uniquement pour la sieste (elle restera aussi sur le lit).<\/p>\n\n\n\n<p><strong>4.La communication&nbsp;:<\/strong><\/p>\n\n\n\n<p>La communication se fait via konecto la plupart du temps. Certaines communications se font aussi via la pochette de communication. Vous aurez aussi la possibilit\u00e9 de me contacter sur mon GSM.<\/p>\n\n\n\n<p>Il faut donc regarder tous les jours dans le cartable et surtout l\u2019y remettre.<\/p>\n\n\n\n<p><strong>5. <\/strong>Jour du fruit &nbsp;: il a lieu le vendredi.<\/p>\n\n\n\n<p><strong>6.Une mascotte&nbsp;: <\/strong>elle sera pr\u00e9sente en classe afin de favoriser le langage.<\/p>\n\n\n\n<p><strong>7. Les accueils<\/strong> suivent le rythme des M1 mais les exigences sont moindres.<\/p>\n\n\n\n<p>&nbsp;Les M1 ont des activit\u00e9s de manipulation dirig\u00e9es mais aussi de structuration sur feuilles.<\/p>\n\n\n\n<p>8. Je r\u00e9alise une <strong>activit\u00e9 culinaire<\/strong> par mois avec les enfants. Les anniversaires ne sont plus pris en charge par moi-m\u00eame.<\/p>\n\n\n\n<p>Je reste disponible si vous avez des questions&nbsp;: voici mon adresse mail&nbsp;:<\/p>\n\n\n\n<p>d.poliard@hotmail.fr<\/p>\n\n\n\n<p>A bient\u00f4t&nbsp;:Mme Dani\u00e8le<\/p>\n","protected":false},"excerpt":{"rendered":"<p>BIENVENUE EN ACCUEIL\/M1 Vivons et appr\u00e9cions les petits moments de bonheur pr\u00e9sents&nbsp;!&nbsp; Voici donc quelques informations qui vous seront utiles concernant la vie de la classe. 8h15-9h&nbsp;: jeux libres&nbsp;: les enfants arrivent en classe, ils doivent se laver les mains et se rendre aux jeux install\u00e9s aux tables. 9h&nbsp;: rituels &hellip; <\/p>\n","protected":false},"author":1,"featured_media":0,"parent":22,"menu_order":0,"comment_status":"closed","ping_status":"closed","template":"","meta":{"footnotes":""},"class_list":["post-24","page","type-page","status-publish","hentry"],"_links":{"self":[{"href":"https:\/\/ecolesdemines.be\/index.php\/wp-json\/wp\/v2\/pages\/24","targetHints":{"allow":["GET"]}}],"collection":[{"href":"https:\/\/ecolesdemines.be\/index.php\/wp-json\/wp\/v2\/pages"}],"about":[{"href":"https:\/\/ecolesdemines.be\/index.php\/wp-json\/wp\/v2\/types\/page"}],"author":[{"embeddable":true,"href":"https:\/\/ecolesdemines.be\/index.php\/wp-json\/wp\/v2\/users\/1"}],"replies":[{"embeddable":true,"href":"https:\/\/ecolesdemines.be\/index.php\/wp-json\/wp\/v2\/comments?post=24"}],"version-history":[{"count":16,"href":"https:\/\/ecolesdemines.be\/index.php\/wp-json\/wp\/v2\/pages\/24\/revisions"}],"predecessor-version":[{"id":3562,"href":"https:\/\/ecolesdemines.be\/index.php\/wp-json\/wp\/v2\/pages\/24\/revisions\/3562"}],"up":[{"embeddable":true,"href":"https:\/\/ecolesdemines.be\/index.php\/wp-json\/wp\/v2\/pages\/22"}],"wp:attachment":[{"href":"https:\/\/ecolesdemines.be\/index.php\/wp-json\/wp\/v2\/media?parent=24"}],"curies":[{"name":"wp","href":"https:\/\/api.w.org\/{rel}","templated":true}]}}