{"id":28,"date":"2020-08-26T10:57:02","date_gmt":"2020-08-26T10:57:02","guid":{"rendered":"http:\/\/ecolesdemines.be\/?page_id=28"},"modified":"2025-04-30T09:06:18","modified_gmt":"2025-04-30T09:06:18","slug":"m2-m3-madame-sophie","status":"publish","type":"page","link":"https:\/\/ecolesdemines.be\/index.php\/nos-classes\/m2-m3-madame-sophie\/","title":{"rendered":"M2\/M3 : Madame Sophie"},"content":{"rendered":"\n<figure class=\"wp-block-image size-large is-resized\"><img fetchpriority=\"high\" decoding=\"async\" width=\"482\" height=\"492\" src=\"https:\/\/ecolesdemines.be\/wp-content\/uploads\/2020\/09\/image-26.png\" alt=\"\" class=\"wp-image-281\" style=\"width:427px;height:436px\" srcset=\"https:\/\/ecolesdemines.be\/wp-content\/uploads\/2020\/09\/image-26.png 482w, https:\/\/ecolesdemines.be\/wp-content\/uploads\/2020\/09\/image-26-294x300.png 294w, https:\/\/ecolesdemines.be\/wp-content\/uploads\/2020\/09\/image-26-60x60.png 60w\" sizes=\"(max-width: 482px) 100vw, 482px\" \/><\/figure>\n\n\n\n<p class=\"has-large-font-size\"><strong><span style=\"color:#0693e3\" class=\"tadv-color\">L&rsquo;encouragement est \u00e0 l&rsquo;enfant ce que l&rsquo;eau est \u00e0 la plante&nbsp;!<\/span><\/strong><\/p>\n\n\n\n<p class=\"has-large-font-size\"><span style=\"color:#9b51e0\" class=\"tadv-color\">BIENVENUE EN M3!<\/span><\/p>\n\n\n\n<p>Cette ann\u00e9e, les conditions sanitaires ne permettent pas d\u2019organiser de r\u00e9union de rentr\u00e9e.<\/p>\n\n\n\n<p>Voici quelques informations qui vous seront utiles concernant la vie de classe.<\/p>\n\n\n\n<ol class=\"wp-block-list\">\n<li><strong>Journ\u00e9e type\u00a0:<\/strong><\/li>\n<\/ol>\n\n\n\n<p>-Accueil des enfants, jeux libres aux tables et coins symboliques.<\/p>\n\n\n\n<p>-D\u00e8s 9h, nous nous r\u00e9unissons au coin rassemblement pour faire le calendrier.<\/p>\n\n\n\n<p>Chaque jour, un enfant compl\u00e8te le calendrier pour&nbsp;\u00ab&nbsp;hier, nous \u00e9tions&nbsp;\u00bb<\/p>\n\n\n\n<p>Un autre pour \u00ab&nbsp;aujourd\u2019hui, nous sommes&nbsp;\u00bb et un dernier pour \u00ab&nbsp;demain, nous serons&nbsp;\u00bb. Ceux-ci doivent retrouver le m\u00eame mot (nom du jour), le jour (1\u00e031) et le mois.<\/p>\n\n\n\n<p>Ils font ainsi de la lecture fonctionnelle.<\/p>\n\n\n\n<p>Apr\u00e8s, nous faisons la chanson du bonjour et chacun \u00e0 son tour doit retrouver son \u00e9tiquette pr\u00e9nom qui est sur le sol et venir la placer sur le tableau. Nous travaillons ainsi la reconnaissance des pr\u00e9noms de la classe.<\/p>\n\n\n\n<p>Puis, nous comptons les pr\u00e9sences, les absences, les gar\u00e7ons, les filles et tout le monde.<\/p>\n\n\n\n<p>Nous faisons \u00e9galement la m\u00e9t\u00e9o et pour terminer l\u2019entretien familier une petite chanson&nbsp;:&nbsp;\u00ab&nbsp;pour commencer la journ\u00e9e du bon pied&nbsp;\u00bb.<\/p>\n\n\n\n<p>-Apr\u00e8s avoir fait tous les rituels du matin, je propose une activit\u00e9 de langage, de vocabulaire, de phonologie ou un jeu math\u00e9matique en \u00e9quipe.<\/p>\n\n\n\n<p>Je travaillerai tout au long de l\u2019ann\u00e9e avec la m\u00e9thode \u00ab&nbsp;la plan\u00e8te des alphas&nbsp;\u00bb. Je proposerai plusieurs jeux afin de se familiariser avec les lettres, les sons.<\/p>\n\n\n\n<p>En fonction du temps restant je ferai bouger les enfants avec des petits jeux psychomoteurs, chants dans\u00e9s\u2026<\/p>\n\n\n\n<p>-10h collation<\/p>\n\n\n\n<p>-10h30 r\u00e9cr\u00e9ation<\/p>\n\n\n\n<p>-10h50 explication des ateliers ou activit\u00e9s aux tables en 2 groupes ou bacs autonomes.<\/p>\n\n\n\n<p>-11h45 d\u00eener<\/p>\n\n\n\n<p>-13h30 je commence toujours par une lecture d\u2019un album ou une s\u00e9ance de<\/p>\n\n\n\n<p>relaxation.<\/p>\n\n\n\n<p>-13h50 Ateliers&nbsp;: bien souvent autour d\u2019un th\u00e8me.<\/p>\n\n\n\n<p>5 ateliers sont propos\u00e9s et \u00e0 la fin de la semaine, tous les enfants doivent y \u00eatre pass\u00e9s.<\/p>\n\n\n\n<p>Ceux-ci travaillent un domaine bien pr\u00e9cis&nbsp;: cela peut-\u00eatre des maths, du graphisme, de la lecture, du spatial, de la psychomotricit\u00e9 fine, de l\u2019artistique\u2026<\/p>\n\n\n\n<p>Une fois l\u2019atelier termin\u00e9 l\u2019enfant peut prendre un bac autonome (un bac vert).<\/p>\n\n\n\n<p>Chaque bac comprend un jeu pour un enfant (j\u2019en ai une trentaine)<\/p>\n\n\n\n<p>et il va s\u2019installer \u00e0 une table ou sur un banc ou au coin rassemblement avec un coussin. Les bacs visent \u00e0 travailler plusieurs domaines, comp\u00e9tences.<\/p>\n\n\n\n<p>14h35 r\u00e9cr\u00e9ation<\/p>\n\n\n\n<p>14h55 coin rassemblement, petite collation, puis, je fais la question du jour.<\/p>\n\n\n\n<p>Je pose une question et les enfants \u00e9mettent des hypoth\u00e8ses puis je donne la r\u00e9ponse. A partir du livre&nbsp;\u00ab une question par jour&nbsp;\u00bb<\/p>\n\n\n\n<p>Exemple&nbsp;:<\/p>\n\n\n\n<p>Le 1<sup>er<\/sup>septembre&nbsp;: pourquoi devons-nous aller \u00e0 l\u2019\u00e9cole&nbsp;?<\/p>\n\n\n\n<p>Voici plus ou moins une journ\u00e9e type.<\/p>\n\n\n\n<ul class=\"wp-block-list\">\n<li><strong>Sorties de pr\u00e9vues\u00a0:<\/strong><\/li>\n<\/ul>\n\n\n\n<p>&nbsp;-4 fois \u00e0 la ferme de Beauffaux (une \u00e0 chaque saison)<\/p>\n\n\n\n<p>La premi\u00e8re aura lieu le Mardi 29 Septembre.<\/p>\n\n\n\n<p>&nbsp;-1 fois \u00e0 l\u2019Adeps en Mars.<\/p>\n\n\n\n<ul class=\"wp-block-list\">\n<li><strong>Cycle 5\u00a0\/8\u00a0<\/strong><\/li>\n<\/ul>\n\n\n\n<p>Tous les vendredis durant l\u2019apr\u00e8s-midi, il y a les ateliers cycle 5\/8 ans.<\/p>\n\n\n\n<p>Les \u00e9l\u00e8ves de M3, P1, P2 sont r\u00e9partis dans 6 groupes et tournent chaque semaine afin de passer dans tous les groupes.<\/p>\n\n\n\n<p>Un domaine y est exploit\u00e9. A partir de ce vendredi 11\/09 nous travaillerons les sciences.<\/p>\n\n\n\n<p>5)<strong>collation saine<\/strong><\/p>\n\n\n\n<p>Lundi&nbsp;: maison<\/p>\n\n\n\n<p>Mardi&nbsp;: produits laitiers<\/p>\n\n\n\n<p>Mercredi&nbsp;: soupe<\/p>\n\n\n\n<p>Jeudi&nbsp;: collation \u00ab&nbsp;plaisir&nbsp;\u00bb<\/p>\n\n\n\n<p>Vendredi&nbsp;: fruit<\/p>\n\n\n\n<ul class=\"wp-block-list\">\n<li><strong>Psychomotricit\u00e9<\/strong><\/li>\n<\/ul>\n\n\n\n<p>Lundi et jeudi<\/p>\n\n\n\n<ul class=\"wp-block-list\">\n<li><strong>Mascotte<\/strong><\/li>\n<\/ul>\n\n\n\n<p>Nous avons en classe une mascotte (loup).<\/p>\n\n\n\n<p>Malheureusement, elle ne pourra pas aller chez les enfants, elle restera donc en classe.<\/p>\n\n\n\n<p>Je reste bien \u00e9videmment \u00e0 votre enti\u00e8re disposition. Si vous avez la moindre question vous pouvez laisser un mot dans la pochette de communication.<\/p>\n\n\n\n<p>Merci d\u2019avoir pris le temps de lire ces quelques pages.<\/p>\n\n\n\n<p>Bien \u00e0 vous.<\/p>\n\n\n\n<p>Madame Sophie<\/p>\n","protected":false},"excerpt":{"rendered":"<p>L&rsquo;encouragement est \u00e0 l&rsquo;enfant ce que l&rsquo;eau est \u00e0 la plante&nbsp;! BIENVENUE EN M3! Cette ann\u00e9e, les conditions sanitaires ne permettent pas d\u2019organiser de r\u00e9union de rentr\u00e9e. Voici quelques informations qui vous seront utiles concernant la vie de classe. -Accueil des enfants, jeux libres aux tables et coins symboliques. -D\u00e8s &hellip; <\/p>\n","protected":false},"author":1,"featured_media":0,"parent":22,"menu_order":0,"comment_status":"closed","ping_status":"closed","template":"","meta":{"footnotes":""},"class_list":["post-28","page","type-page","status-publish","hentry"],"_links":{"self":[{"href":"https:\/\/ecolesdemines.be\/index.php\/wp-json\/wp\/v2\/pages\/28","targetHints":{"allow":["GET"]}}],"collection":[{"href":"https:\/\/ecolesdemines.be\/index.php\/wp-json\/wp\/v2\/pages"}],"about":[{"href":"https:\/\/ecolesdemines.be\/index.php\/wp-json\/wp\/v2\/types\/page"}],"author":[{"embeddable":true,"href":"https:\/\/ecolesdemines.be\/index.php\/wp-json\/wp\/v2\/users\/1"}],"replies":[{"embeddable":true,"href":"https:\/\/ecolesdemines.be\/index.php\/wp-json\/wp\/v2\/comments?post=28"}],"version-history":[{"count":7,"href":"https:\/\/ecolesdemines.be\/index.php\/wp-json\/wp\/v2\/pages\/28\/revisions"}],"predecessor-version":[{"id":3559,"href":"https:\/\/ecolesdemines.be\/index.php\/wp-json\/wp\/v2\/pages\/28\/revisions\/3559"}],"up":[{"embeddable":true,"href":"https:\/\/ecolesdemines.be\/index.php\/wp-json\/wp\/v2\/pages\/22"}],"wp:attachment":[{"href":"https:\/\/ecolesdemines.be\/index.php\/wp-json\/wp\/v2\/media?parent=28"}],"curies":[{"name":"wp","href":"https:\/\/api.w.org\/{rel}","templated":true}]}}