{"id":32,"date":"2020-08-26T10:57:56","date_gmt":"2020-08-26T10:57:56","guid":{"rendered":"http:\/\/ecolesdemines.be\/?page_id=32"},"modified":"2025-04-30T09:06:34","modified_gmt":"2025-04-30T09:06:34","slug":"p1-madame-julie","status":"publish","type":"page","link":"https:\/\/ecolesdemines.be\/index.php\/nos-classes\/p1-madame-julie\/","title":{"rendered":"P1 : Madame Julie"},"content":{"rendered":"\n<figure class=\"wp-block-image size-large is-resized\"><img fetchpriority=\"high\" decoding=\"async\" src=\"https:\/\/ecolesdemines.be\/wp-content\/uploads\/2020\/09\/image-33.png\" alt=\"\" class=\"wp-image-303\" width=\"326\" height=\"435\" srcset=\"https:\/\/ecolesdemines.be\/wp-content\/uploads\/2020\/09\/image-33.png 326w, https:\/\/ecolesdemines.be\/wp-content\/uploads\/2020\/09\/image-33-225x300.png 225w\" sizes=\"(max-width: 326px) 100vw, 326px\" \/><\/figure>\n\n\n\n<p class=\"has-vivid-cyan-blue-color has-text-color has-large-font-size\"><strong>Enseigner, ce n&rsquo;est pas remplir un vase, c&rsquo;est allumer un feu&#8230;<\/strong><\/p>\n\n\n\n<p class=\"has-large-font-size\"><span style=\"color:#9b51e0\" class=\"tadv-color\">BIENVENUE EN P1<\/span><\/p>\n\n\n\n<p><strong>Informations relatives au travail<\/strong><\/p>\n\n\n\n<p><strong>en premi\u00e8re primaire<\/strong><\/p>\n\n\n\n<p>Chers parents, la r\u00e9union de rentr\u00e9e ne pouvant avoir lieu, voici quelques points concernant le fonctionnement de la classe, qui me semblent importants \u00e0 vous communiquer.<\/p>\n\n\n\n<ul class=\"wp-block-list\"><li><strong><u>Cahiers et manuels&nbsp;:<\/u><\/strong><\/li><\/ul>\n\n\n\n<p>Chaque enfant a re\u00e7u ou recevra, en 1<sup>\u00e8re<\/sup> primaire<\/p>\n\n\n\n<ul class=\"wp-block-list\"><li>Une farde&nbsp; de travail (farde noire)<\/li><li>Une pochette contenant le mat\u00e9riel math\u00e9matique<\/li><li>Un journal de classe<\/li><li>Un petit cahier d\u2019essais (toujours dans le banc)<\/li><li>Un petit cahier de dict\u00e9es (utilis\u00e9 plus tard)<\/li><li>Deux manuels \u00ab&nbsp;Tip-Top \u00bb<\/li><li>Une farde de synth\u00e8ses<\/li><li>Diverses fardes \u00e0 devis&nbsp;:<\/li><li>Orange&nbsp;: farde de lecture<\/li><li>Mauve&nbsp;: farde d\u2019\u00e9criture<\/li><li>Rose&nbsp;: farde de pr\u00e9parations de dict\u00e9es<\/li><li>Jaune&nbsp;: farde d\u2019\u00e9veil<\/li><li>Verte&nbsp;: farde d\u2019\u00e9valuations<\/li><li>Turquoise&nbsp;: Bulletin<\/li><\/ul>\n\n\n\n<p>La farde de travail, la pochette et le journal de classe devront toujours se trouver dans la mallette.<\/p>\n\n\n\n<ul class=\"wp-block-list\"><li><strong><u>Evaluation des apprentissages&nbsp;:<\/u><\/strong><\/li><\/ul>\n\n\n\n<p>Elle a lieu au fur et \u00e0 mesure des apprentissages.<\/p>\n\n\n\n<p>Tous <strong><u>les contr\u00f4les<\/u><\/strong> sont \u00e0 signer.<\/p>\n\n\n\n<ul class=\"wp-block-list\"><li><strong><u>Farde de travail (farde noire)&nbsp;:<\/u><\/strong><\/li><\/ul>\n\n\n\n<p>Elle comportera les activit\u00e9s de la semaine. Elle vous permettra de vous rendre compte de l\u2019\u00e9volution de votre enfant.<\/p>\n\n\n\n<p>R\u00e9guli\u00e8rement, cette farde sera vid\u00e9e dans des classeurs qui resteront en classe. Les points colori\u00e9s dans le coin sup\u00e9rieur droit nous aideront \u00e0 ce moment.<\/p>\n\n\n\n<ul class=\"wp-block-list\"><li><strong><u>Travail \u00e0 la maison&nbsp;:<\/u><\/strong><\/li><\/ul>\n\n\n\n<p>Les devoirs ont autant une valeur de rappel de la mati\u00e8re qu\u2019une valeur affective car ils \u00e9tablissent un lien&nbsp; entre l\u2019\u00e9cole et la maison.<\/p>\n\n\n\n<p>Les devoirs sont not\u00e9s \u00e0 l\u2019aide d\u2019un point de couleur inscrit dans le journal de classe et sont, sauf indication contraire, \u00e0 r\u00e9aliser pour le lendemain.<\/p>\n\n\n\n<p>S\u2019il s\u2019agit d\u2019un devoir \u00e0 effectuer dans une farde, il sera alors indiqu\u00e9 dans le journal de classe \u00ab&nbsp;farde + sa couleur&nbsp;\u00bb.<\/p>\n\n\n\n<p>Les le\u00e7ons, elles, peuvent \u00eatre inscrites plusieurs jours \u00e0 l\u2019avance et notifi\u00e9es avec une date.<\/p>\n\n\n\n<p>Si votre enfant \u00e9prouve des difficult\u00e9s majeures lors de la r\u00e9alisation de son devoir, merci de stopper celui-ci et de me le signaler.<\/p>\n\n\n\n<p>Merci de v\u00e9rifier et signer le journal de classe <strong><u>tous les jours<\/u><\/strong>.<\/p>\n\n\n\n<ul class=\"wp-block-list\"><li><strong><u>Cours d\u2019\u00e9ducation physique&nbsp;(le jeudi apr\u00e8s-midi) :<\/u><\/strong><\/li><\/ul>\n\n\n\n<p>Pr\u00e9voir un sac de gymnastique contenant un short, un tee-shirt et une paire de baskets.<\/p>\n\n\n\n<p>Merci de pr\u00e9voir une tenue plus d\u00e9contract\u00e9e pour ces jours afin de faciliter d\u00e9shabillage et habillage.<\/p>\n\n\n\n<ul class=\"wp-block-list\"><li><strong><u>Ateliers 5-8&nbsp;:<\/u><\/strong><\/li><\/ul>\n\n\n\n<p>Les ateliers 5-8 auront lieu chaque vendredi apr\u00e8s-midi. Des activit\u00e9s seront r\u00e9alis\u00e9es sur un th\u00e8me particulier et les enfants seront une quinzaine par groupe.<\/p>\n\n\n\n<ul class=\"wp-block-list\"><li><strong><u>Eveil aux langues et projet potager&nbsp;:<\/u><\/strong><\/li><\/ul>\n\n\n\n<p>Les enfants participeront \u00e0 ces activit\u00e9s \u00e0 raison d\u2019une p\u00e9riode par semaine et seront r\u00e9partis en demi-groupes favorisant les manipulations et la diff\u00e9renciation.<\/p>\n\n\n\n<ul class=\"wp-block-list\"><li><strong><u>Madame Amandine<\/u><\/strong><\/li><\/ul>\n\n\n\n<p>Travaillant \u00e0 4\/5<sup>\u00e8me<\/sup> temps, le jeudi matin, les enfants sont pris en charge par madame Amandine qui leur enseignera l\u2019\u00e9veil, la g\u00e9om\u00e9trie et les grandeurs.<\/p>\n\n\n\n<p>J\u2019esp\u00e8re, par ce courrier, avoir \u00e9t\u00e9 la plus compl\u00e8te possible.<\/p>\n\n\n\n<p>Je reste, malgr\u00e9 tout, \u00e0 votre disposition pour toute question suppl\u00e9mentaire.<\/p>\n\n\n\n<p>Bonne ann\u00e9e scolaire \u00e0 tous.<\/p>\n\n\n\n<p>Madame Julie Dohet<\/p>\n\n\n\n<p>Chers parents,<\/p>\n\n\n\n<p>Votre enfant entre en 1<sup>\u00e8re<\/sup> primaire. Cette ann\u00e9e est un moment-cl\u00e9 dans un cheminement qui a commenc\u00e9 bien avant et se poursuit au-del\u00e0.<\/p>\n\n\n\n<p>Maintenant, votre enfant va apprendre \u00e0 lire, \u00e0 calculer\u2026<\/p>\n\n\n\n<p>A propos de l\u2019apprentissage de la lecture,&nbsp; permettez-moi de vous fournir quelques r\u00e9flexions afin de bien d\u00e9marrer en 1<sup>\u00e8re<\/sup> primaire.<\/p>\n\n\n\n<p><strong>Lire <\/strong>est une activit\u00e9 complexe parce qu\u2019elle oblige \u00e0 coordonner deux actes tr\u00e8s diff\u00e9rents&nbsp;: d\u00e9chiffrer un code et capter un sens. Il y a un va-et-vient permanent entre d\u00e9codage et compr\u00e9hension, et ce, gr\u00e2ce \u00e0 des rep\u00e9rages d\u2019indices de toutes sortes (la forme et l\u2019ordre des lettres, la ponctuation\u2026).<\/p>\n\n\n\n<p>Ma m\u00e9thode d\u2019apprentissage prend en compte ces deux t\u00e2ches n\u00e9cessaires&nbsp;: <strong>d\u00e9chiffrage et compr\u00e9hension.<\/strong><\/p>\n\n\n\n<p><strong>La route est longue. <\/strong>Chaque enfant aborde la lecture \u00e0 sa fa\u00e7on, \u00e0 son rythme, en fonction de sa personnalit\u00e9, de son cadre familial et de l\u2019organisation mise en place par l\u2019enseignant dans sa classe. Il faut r\u00e9p\u00e9ter, reprendre souvent et ne pas se d\u00e9courager (<strong>10-15 minutes de lecture quotidienne)<\/strong><\/p>\n\n\n\n<p><strong>La confiance. <\/strong>S\u2019il rencontre des difficult\u00e9s, pas de panique&nbsp;!<\/p>\n\n\n\n<p>Plus vous aurez confiance en lui, plus il prendra de l\u2019assurance. Ne le bousculez pas, rappelez-lui tout ce qu\u2019il sait d\u00e9j\u00e0 et n\u2019h\u00e9sitez pas \u00e0 souligner ses progr\u00e8s.<\/p>\n\n\n\n<p><strong>Des petits trucs pour la maison. <\/strong><em>Lisez<\/em> partout, tout est bon pour s\u2019exercer \u00e0 lire. <em>Jouez \u00e0 lire <\/em>en p\u00eachant dans un magazine les mots qu\u2019il connait bien. <em>Lancez-lui des d\u00e9fis <\/em>en lisant le d\u00e9but d\u2019une histoire et en lui proposant de lire la suite seul\u2026<\/p>\n\n\n\n<p>En esp\u00e9rant que ces quelques r\u00e9flexions sur la lecture auront r\u00e9pondu \u00e0 vos questions, je vous souhaite \u00e0 tous une belle ann\u00e9e scolaire.<\/p>\n\n\n\n<p>&nbsp;&nbsp;&nbsp;&nbsp;&nbsp;&nbsp;&nbsp;&nbsp;&nbsp;&nbsp;&nbsp;&nbsp;&nbsp;&nbsp;&nbsp;&nbsp;&nbsp;&nbsp;&nbsp;&nbsp;&nbsp;&nbsp;&nbsp;&nbsp;&nbsp;&nbsp;&nbsp;&nbsp;&nbsp;&nbsp;&nbsp;&nbsp;&nbsp;&nbsp;&nbsp;&nbsp;&nbsp;&nbsp;&nbsp;&nbsp;&nbsp;&nbsp;&nbsp;&nbsp;&nbsp;&nbsp;&nbsp;&nbsp;&nbsp;&nbsp;&nbsp;&nbsp;&nbsp;&nbsp;&nbsp;&nbsp;&nbsp;&nbsp;&nbsp;&nbsp;&nbsp;&nbsp;&nbsp;&nbsp;&nbsp;&nbsp;&nbsp;&nbsp;&nbsp;&nbsp;&nbsp;&nbsp;&nbsp;&nbsp;&nbsp;&nbsp;&nbsp;&nbsp;&nbsp;&nbsp;&nbsp;&nbsp;&nbsp;&nbsp;&nbsp;&nbsp;&nbsp;&nbsp;&nbsp;&nbsp;&nbsp;&nbsp;&nbsp;&nbsp;&nbsp;&nbsp;&nbsp;&nbsp;&nbsp;&nbsp;&nbsp;&nbsp;&nbsp;&nbsp;&nbsp;&nbsp;&nbsp;&nbsp;&nbsp;&nbsp;&nbsp;&nbsp;&nbsp;&nbsp;&nbsp;&nbsp;&nbsp; Mme Julie Dohet<\/p>\n","protected":false},"excerpt":{"rendered":"<p>Enseigner, ce n&rsquo;est pas remplir un vase, c&rsquo;est allumer un feu&#8230; BIENVENUE EN P1 Informations relatives au travail en premi\u00e8re primaire Chers parents, la r\u00e9union de rentr\u00e9e ne pouvant avoir lieu, voici quelques points concernant le fonctionnement de la classe, qui me semblent importants \u00e0 vous communiquer. Cahiers et manuels&nbsp;: &hellip; <\/p>\n","protected":false},"author":1,"featured_media":0,"parent":22,"menu_order":0,"comment_status":"closed","ping_status":"closed","template":"","meta":{"footnotes":""},"class_list":["post-32","page","type-page","status-publish","hentry"],"_links":{"self":[{"href":"https:\/\/ecolesdemines.be\/index.php\/wp-json\/wp\/v2\/pages\/32","targetHints":{"allow":["GET"]}}],"collection":[{"href":"https:\/\/ecolesdemines.be\/index.php\/wp-json\/wp\/v2\/pages"}],"about":[{"href":"https:\/\/ecolesdemines.be\/index.php\/wp-json\/wp\/v2\/types\/page"}],"author":[{"embeddable":true,"href":"https:\/\/ecolesdemines.be\/index.php\/wp-json\/wp\/v2\/users\/1"}],"replies":[{"embeddable":true,"href":"https:\/\/ecolesdemines.be\/index.php\/wp-json\/wp\/v2\/comments?post=32"}],"version-history":[{"count":2,"href":"https:\/\/ecolesdemines.be\/index.php\/wp-json\/wp\/v2\/pages\/32\/revisions"}],"predecessor-version":[{"id":305,"href":"https:\/\/ecolesdemines.be\/index.php\/wp-json\/wp\/v2\/pages\/32\/revisions\/305"}],"up":[{"embeddable":true,"href":"https:\/\/ecolesdemines.be\/index.php\/wp-json\/wp\/v2\/pages\/22"}],"wp:attachment":[{"href":"https:\/\/ecolesdemines.be\/index.php\/wp-json\/wp\/v2\/media?parent=32"}],"curies":[{"name":"wp","href":"https:\/\/api.w.org\/{rel}","templated":true}]}}