{"id":425,"date":"2020-11-17T20:16:49","date_gmt":"2020-11-17T20:16:49","guid":{"rendered":"http:\/\/ecolesdemines.be\/?page_id=425"},"modified":"2025-04-30T09:06:34","modified_gmt":"2025-04-30T09:06:34","slug":"ordre-du-jour-2","status":"publish","type":"page","link":"https:\/\/ecolesdemines.be\/index.php\/ape\/ordre-du-jour-2\/","title":{"rendered":"Ordre du Jour AG"},"content":{"rendered":"\n<h4 class=\"wp-block-heading\"><em><strong>Assembl\u00e9e G\u00e9n\u00e9rale du 13 septembre 2022<\/strong><\/em><\/h4>\n\n\n\n<ul class=\"wp-block-list\" id=\"block-fa15c2bc-891e-4aec-9dbd-fd5138bfa74a\"><li>Calendrier de l&rsquo;ann\u00e9e. Outils. Hybrid ?<\/li><li>Fonctionnement APE<\/li><li>Validation activit\u00e9 \/ Coordinateurs<\/li><li>La prochaine activit\u00e9<\/li><li>Sapin ?<\/li><li>Am\u00e9nagement de la cour pour l&rsquo;\u00e9t\u00e9 2023<\/li><\/ul>\n\n\n\n<h1 class=\"wp-block-heading\">_____________________________________<\/h1>\n\n\n\n<h1 class=\"wp-block-heading\">2021 &#8211; 2022<\/h1>\n\n\n\n<h4 class=\"wp-block-heading\"><em>Assembl\u00e9e G\u00e9n\u00e9rale du 15 juin 2022<\/em><\/h4>\n\n\n\n<ul class=\"wp-block-list\"><li>Bilan 2021-2022<\/li><li>Et la suite<\/li><li>Activit\u00e9s cibl\u00e9es pour l&rsquo;ann\u00e9es<\/li><li>Planning <\/li><li>Budget<\/li><\/ul>\n\n\n\n<h4 class=\"wp-block-heading\"><em>Assembl\u00e9e G\u00e9n\u00e9rale du 20 avril 2022<\/em><\/h4>\n\n\n\n<ul class=\"wp-block-list\"><li>Fancy Marche<\/li><li>ASBL APE<\/li><\/ul>\n\n\n\n<h4 class=\"wp-block-heading\"><em> Assembl\u00e9e G\u00e9n\u00e9rale  &#8211; &#8211; &#8211; &#8211; &#8211; &#8211; <\/em><\/h4>\n\n\n\n<ul class=\"wp-block-list\"><li>Fancy March <\/li><li>Livraison <\/li><\/ul>\n\n\n\n<h4 class=\"wp-block-heading\"><em><strong>Assembl\u00e9e G\u00e9n\u00e9rale du 22 novembre 2021<\/strong><\/em><\/h4>\n\n\n\n<ul class=\"wp-block-list\" id=\"block-fa15c2bc-891e-4aec-9dbd-fd5138bfa74a\"><li>Feed back marche Adeps<\/li><li>Saint Nicolas<\/li><li>Sapin<\/li><li>Local WC update (si feedback)<\/li><li><\/li><\/ul>\n\n\n\n<h4 class=\"wp-block-heading\"><em><strong>Assembl\u00e9e G\u00e9n\u00e9rale du 13 octobre 2021<\/strong><\/em><\/h4>\n\n\n\n<ul class=\"wp-block-list\"><li>Point sur la marche du 11 novembre<\/li><li>Un mot Sapin. les croix<\/li><li>Local WC update<\/li><li><\/li><\/ul>\n\n\n\n<h4 class=\"wp-block-heading\"><em><strong>Assembl\u00e9e G\u00e9n\u00e9rale du 22 septembre 2021<\/strong><\/em><\/h4>\n\n\n\n<ul class=\"wp-block-list\"><li>Validation Agenda ann\u00e9e 2021 &#8211; 2022<\/li><li>Valider les \u00e9v\u00e8nements cible de l&rsquo;ann\u00e9e<\/li><li>Pr\u00e9sentation des th\u00e8mes que l&rsquo;on souhaite aborder durant l&rsquo;ann\u00e9e <ul><li>R\u00e9cr\u00e9ation<\/li><li>Local WC<\/li><li>Assurances \u00e9coles, que couvrent elles (notamment lors des \u00e9v\u00e8nements extra)<\/li><\/ul><\/li><li>APE Statut Association de fait et compte APE<\/li><\/ul>\n\n\n\n<h1 class=\"wp-block-heading\">______________________________________<\/h1>\n\n\n\n<h1 class=\"wp-block-heading\">2020 &#8211; 2021<\/h1>\n\n\n\n<h4 class=\"wp-block-heading\"><em><strong>Assembl\u00e9e G\u00e9n\u00e9rale du 10 juin 2021<\/strong><\/em><\/h4>\n\n\n\n<ul class=\"wp-block-list\"><li>Finalisation Fancy  marche en fonction des mesures covid<\/li><\/ul>\n\n\n\n<h4 class=\"wp-block-heading\"><em><strong>Assembl\u00e9e G\u00e9n\u00e9rale du 17 mai 2021<\/strong><\/em><\/h4>\n\n\n\n<ul class=\"wp-block-list\"><li>Huges Sor\u00e9e se d\u00e9chargera de son r\u00f4le de Mr Biblioth\u00e8que pour la rentr\u00e9e 2024. Il faudrait trouver un rempla\u00e7ant si possible pour l&rsquo;ann\u00e9e scolaire 2022-2023 afin qu&rsquo;il y ait une passation \/ coaching. <\/li><li>Organisation &amp; r\u00f4le APE<\/li><li>Point Fancy Fair<\/li><li>Point marche<\/li><li>Point d\u00e9couverte Ecoles Emines<\/li><\/ul>\n\n\n\n<h4 class=\"wp-block-heading\"><em><strong>Assembl\u00e9e G\u00e9n\u00e9rale du 22 avril 2021<\/strong><\/em><\/h4>\n\n\n\n<ul class=\"wp-block-list\"><li>Fancy Fair, quelle possibilit\u00e9 ?<\/li><li>Marche de l&rsquo;\u00e9cole<\/li><li>Id\u00e9es futures activit\u00e9s &lsquo;covid friendly&rsquo;<\/li><li>Prospectus pour faire d\u00e9couvrir l&rsquo;\u00e9cole d&rsquo;Emines<\/li><li>Port du masque en P5\/P6<\/li><\/ul>\n\n\n\n<h4 class=\"wp-block-heading\"><em>Assembl\u00e9e G\u00e9n\u00e9rale du 18 novembre 2020<\/em><\/h4>\n\n\n\n<ul class=\"wp-block-list\"><li>Vente des Sapins<ul><li>Livraison (Amaury &amp; Damien)<\/li><li>Commande<\/li><li>Poster dans commerce<\/li><\/ul><\/li><li>Saint Nicolas<ul><li>Bonbon (achat, pr\u00e9paration)<\/li><li>Budget cadeau \/ Classe<\/li><\/ul><\/li><li>Id\u00e9es futures activit\u00e9s &lsquo;covid friendly&rsquo;<ul><li>Ventes quiche, tartiflette, &#8230;<\/li><\/ul><\/li><\/ul>\n\n\n\n<p><\/p>\n","protected":false},"excerpt":{"rendered":"<p>Assembl\u00e9e G\u00e9n\u00e9rale du 13 septembre 2022 Calendrier de l&rsquo;ann\u00e9e. Outils. Hybrid ? Fonctionnement APE Validation activit\u00e9 \/ Coordinateurs La prochaine activit\u00e9 Sapin ? Am\u00e9nagement de la cour pour l&rsquo;\u00e9t\u00e9 2023 _____________________________________ 2021 &#8211; 2022 Assembl\u00e9e G\u00e9n\u00e9rale du 15 juin 2022 Bilan 2021-2022 Et la suite Activit\u00e9s cibl\u00e9es pour l&rsquo;ann\u00e9es Planning &hellip; <\/p>\n","protected":false},"author":3,"featured_media":0,"parent":66,"menu_order":2,"comment_status":"closed","ping_status":"closed","template":"","meta":{"footnotes":""},"class_list":["post-425","page","type-page","status-publish","hentry"],"_links":{"self":[{"href":"https:\/\/ecolesdemines.be\/index.php\/wp-json\/wp\/v2\/pages\/425","targetHints":{"allow":["GET"]}}],"collection":[{"href":"https:\/\/ecolesdemines.be\/index.php\/wp-json\/wp\/v2\/pages"}],"about":[{"href":"https:\/\/ecolesdemines.be\/index.php\/wp-json\/wp\/v2\/types\/page"}],"author":[{"embeddable":true,"href":"https:\/\/ecolesdemines.be\/index.php\/wp-json\/wp\/v2\/users\/3"}],"replies":[{"embeddable":true,"href":"https:\/\/ecolesdemines.be\/index.php\/wp-json\/wp\/v2\/comments?post=425"}],"version-history":[{"count":26,"href":"https:\/\/ecolesdemines.be\/index.php\/wp-json\/wp\/v2\/pages\/425\/revisions"}],"predecessor-version":[{"id":1762,"href":"https:\/\/ecolesdemines.be\/index.php\/wp-json\/wp\/v2\/pages\/425\/revisions\/1762"}],"up":[{"embeddable":true,"href":"https:\/\/ecolesdemines.be\/index.php\/wp-json\/wp\/v2\/pages\/66"}],"wp:attachment":[{"href":"https:\/\/ecolesdemines.be\/index.php\/wp-json\/wp\/v2\/media?parent=425"}],"curies":[{"name":"wp","href":"https:\/\/api.w.org\/{rel}","templated":true}]}}