{"id":441,"date":"2020-11-17T21:09:17","date_gmt":"2020-11-17T21:09:17","guid":{"rendered":"http:\/\/ecolesdemines.be\/?page_id=441"},"modified":"2025-04-30T09:06:34","modified_gmt":"2025-04-30T09:06:34","slug":"pv-ape","status":"publish","type":"page","link":"https:\/\/ecolesdemines.be\/index.php\/ape\/pv-ape\/","title":{"rendered":"Biblioth\u00e8que APE"},"content":{"rendered":"\n<div class=\"wp-block-columns is-layout-flex wp-container-core-columns-is-layout-9d6595d7 wp-block-columns-is-layout-flex\">\n<div class=\"wp-block-column is-layout-flow wp-block-column-is-layout-flow\">\n<h2 class=\"wp-block-heading\">Rapport des Assembl\u00e9es G\u00e9n\u00e9rales<\/h2>\n\n\n\n<div class=\"wp-block-file\"><a href=\"https:\/\/ecolesdemines.be\/wp-content\/uploads\/2021\/10\/Reunion-APE-du-22.09.21-.docx\">Reunion-APE-du-22.09.21-<\/a><a href=\"https:\/\/ecolesdemines.be\/wp-content\/uploads\/2021\/10\/Reunion-APE-du-22.09.21-.docx\" class=\"wp-block-file__button\" download>T\u00e9l\u00e9charger<\/a><\/div>\n\n\n\n<div class=\"wp-block-file\"><a href=\"https:\/\/ecolesdemines.be\/wp-content\/uploads\/2021\/06\/Reunion-APE-du-17.05.2021-.docx\">Reunion-APE-du-17.05.2021-<\/a><a href=\"https:\/\/ecolesdemines.be\/wp-content\/uploads\/2021\/06\/Reunion-APE-du-17.05.2021-.docx\" class=\"wp-block-file__button\" download>T\u00e9l\u00e9charger<\/a><\/div>\n\n\n\n<div class=\"wp-block-file\"><a href=\"https:\/\/ecolesdemines.be\/wp-content\/uploads\/2021\/04\/Reunion-APE-du-22.04.2021-.docx\">Reunion-APE-du-22.04.2021-<\/a><a href=\"https:\/\/ecolesdemines.be\/wp-content\/uploads\/2021\/04\/Reunion-APE-du-22.04.2021-.docx\" class=\"wp-block-file__button\" download>T\u00e9l\u00e9charger<\/a><\/div>\n\n\n\n<div class=\"wp-block-file\"><a href=\"https:\/\/ecolesdemines.be\/wp-content\/uploads\/2021\/04\/Reunion-APE-du-11.01.2021-.docx\">Reunion-APE-du-11.01.2021-<\/a><a href=\"https:\/\/ecolesdemines.be\/wp-content\/uploads\/2021\/04\/Reunion-APE-du-11.01.2021-.docx\" class=\"wp-block-file__button\" download>T\u00e9l\u00e9charger<\/a><\/div>\n\n\n\n<div class=\"wp-block-file\"><a href=\"https:\/\/ecolesdemines.be\/wp-content\/uploads\/2021\/03\/Reunion-APE-du-18.11-1-1.docx\">Reunion-APE du-18.11.2020<\/a><a href=\"https:\/\/ecolesdemines.be\/wp-content\/uploads\/2021\/03\/Reunion-APE-du-18.11-1-1.docx\" class=\"wp-block-file__button\" download>T\u00e9l\u00e9charger<\/a><\/div>\n\n\n\n<div class=\"wp-block-file\"><a href=\"https:\/\/ecolesdemines.be\/wp-content\/uploads\/2020\/11\/Reunion-APE-13.10.2020-.docx\">Reunion-APE-13.10.2020<\/a><a href=\"https:\/\/ecolesdemines.be\/wp-content\/uploads\/2020\/11\/Reunion-APE-13.10.2020-.docx\" class=\"wp-block-file__button\" download>T\u00e9l\u00e9charger<\/a><\/div>\n\n\n\n<div class=\"wp-block-file\"><a href=\"https:\/\/ecolesdemines.be\/wp-content\/uploads\/2020\/11\/Reunion-APE-18.06.2020-1.pdf\">Reunion-APE-18.06.2020<\/a><a href=\"https:\/\/ecolesdemines.be\/wp-content\/uploads\/2020\/11\/Reunion-APE-18.06.2020-1.pdf\" class=\"wp-block-file__button\" download>T\u00e9l\u00e9charger<\/a><\/div>\n\n\n\n<div class=\"wp-block-file\"><a href=\"https:\/\/ecolesdemines.be\/wp-content\/uploads\/2020\/11\/Reunion-APE-07.01.2020.docx\">Reunion-APE-07.01.2020<\/a><a href=\"https:\/\/ecolesdemines.be\/wp-content\/uploads\/2020\/11\/Reunion-APE-07.01.2020.docx\" class=\"wp-block-file__button\" download>T\u00e9l\u00e9charger<\/a><\/div>\n\n\n\n<div class=\"wp-block-file\"><a href=\"https:\/\/ecolesdemines.be\/wp-content\/uploads\/2020\/11\/Reunion-APE-20.02.2020.pdf\">Reunion-APE-20.02.2020<\/a><a href=\"https:\/\/ecolesdemines.be\/wp-content\/uploads\/2020\/11\/Reunion-APE-20.02.2020.pdf\" class=\"wp-block-file__button\" download>T\u00e9l\u00e9charger<\/a><\/div>\n\n\n\n<div class=\"wp-block-file\"><a href=\"https:\/\/ecolesdemines.be\/wp-content\/uploads\/2020\/11\/Reunion-APE-11.06.2019.pdf\">Reunion-APE-11.06.2019<\/a><a href=\"https:\/\/ecolesdemines.be\/wp-content\/uploads\/2020\/11\/Reunion-APE-11.06.2019.pdf\" class=\"wp-block-file__button\" download>T\u00e9l\u00e9charger<\/a><\/div>\n\n\n\n<div class=\"wp-block-file\"><a href=\"https:\/\/ecolesdemines.be\/wp-content\/uploads\/2020\/11\/Reunion-APE-13.05.2019.pdf\">Reunion-APE-13.05.2019<\/a><a href=\"https:\/\/ecolesdemines.be\/wp-content\/uploads\/2020\/11\/Reunion-APE-13.05.2019.pdf\" class=\"wp-block-file__button\" download>T\u00e9l\u00e9charger<\/a><\/div>\n\n\n\n<div class=\"wp-block-file\"><a href=\"https:\/\/ecolesdemines.be\/wp-content\/uploads\/2020\/11\/Reunion-APE-10-et-28.01.2019.pdf\">Reunion-APE-10-et-28.01.2019<\/a><a href=\"https:\/\/ecolesdemines.be\/wp-content\/uploads\/2020\/11\/Reunion-APE-10-et-28.01.2019.pdf\" class=\"wp-block-file__button\" download>T\u00e9l\u00e9charger<\/a><\/div>\n\n\n\n<div class=\"wp-block-file\"><a href=\"https:\/\/ecolesdemines.be\/wp-content\/uploads\/2020\/11\/Reunion-APE-05.11.2018.pdf\">Reunion-APE-05.11.2018<\/a><a href=\"https:\/\/ecolesdemines.be\/wp-content\/uploads\/2020\/11\/Reunion-APE-05.11.2018.pdf\" class=\"wp-block-file__button\" download>T\u00e9l\u00e9charger<\/a><\/div>\n\n\n\n<div class=\"wp-block-file\"><a href=\"https:\/\/ecolesdemines.be\/wp-content\/uploads\/2020\/11\/Reunion-APE-10.10.2018.pdf\">Reunion-APE-10.10.2018<\/a><a href=\"https:\/\/ecolesdemines.be\/wp-content\/uploads\/2020\/11\/Reunion-APE-10.10.2018.pdf\" class=\"wp-block-file__button\" download>T\u00e9l\u00e9charger<\/a><\/div>\n\n\n\n<div class=\"wp-block-file\"><a href=\"https:\/\/ecolesdemines.be\/wp-content\/uploads\/2020\/11\/Reunion-APE-24.09.2018.pdf\">Reunion-APE-24.09.2018<\/a><a href=\"https:\/\/ecolesdemines.be\/wp-content\/uploads\/2020\/11\/Reunion-APE-24.09.2018.pdf\" class=\"wp-block-file__button\" download>T\u00e9l\u00e9charger<\/a><\/div>\n\n\n\n<div class=\"wp-block-file\"><a href=\"https:\/\/ecolesdemines.be\/wp-content\/uploads\/2020\/11\/Reunion-APE-04.09.2018.pdf\">Reunion-APE-04.09.2018<\/a><a href=\"https:\/\/ecolesdemines.be\/wp-content\/uploads\/2020\/11\/Reunion-APE-04.09.2018.pdf\" class=\"wp-block-file__button\" download>T\u00e9l\u00e9charger<\/a><\/div>\n<\/div>\n\n\n\n<div class=\"wp-block-column is-layout-flow wp-block-column-is-layout-flow\">\n<h2 class=\"wp-block-heading\">Document utile<\/h2>\n\n\n\n<div class=\"wp-block-file\"><a href=\"https:\/\/ecolesdemines.be\/wp-content\/uploads\/2021\/10\/Rentree-APE.docx\">Flyers de la rentree-APE 2021<\/a><a href=\"https:\/\/ecolesdemines.be\/wp-content\/uploads\/2021\/10\/Rentree-APE.docx\" class=\"wp-block-file__button\" download>T\u00e9l\u00e9charger<\/a><\/div>\n\n\n\n<div class=\"wp-block-file\"><a href=\"https:\/\/ecolesdemines.be\/wp-content\/uploads\/2021\/10\/Jeton-boisson.png\">Image Jeton-boisson<\/a><a href=\"https:\/\/ecolesdemines.be\/wp-content\/uploads\/2021\/10\/Jeton-boisson.png\" class=\"wp-block-file__button\" download>T\u00e9l\u00e9charger<\/a><\/div>\n<\/div>\n<\/div>\n\n\n\n<div class=\"wp-block-file\"><a href=\"https:\/\/ecolesdemines.be\/wp-content\/uploads\/2022\/01\/Reunion-APE-du-13.10.21-.docx\">Reunion-APE-du-13.10.21-<\/a><a href=\"https:\/\/ecolesdemines.be\/wp-content\/uploads\/2022\/01\/Reunion-APE-du-13.10.21-.docx\" class=\"wp-block-file__button\" download>T\u00e9l\u00e9charger<\/a><\/div>\n\n\n\n<div class=\"wp-block-file\"><a href=\"https:\/\/ecolesdemines.be\/wp-content\/uploads\/2022\/01\/Reunion-APE-du-13.10.21-1-1.docx\">Reunion-APE-du-13.10.21-1-1<\/a><a href=\"https:\/\/ecolesdemines.be\/wp-content\/uploads\/2022\/01\/Reunion-APE-du-13.10.21-1-1.docx\" class=\"wp-block-file__button\" download>T\u00e9l\u00e9charger<\/a><\/div>\n\n\n\n<div class=\"wp-block-file\"><a href=\"https:\/\/ecolesdemines.be\/wp-content\/uploads\/2022\/01\/Reunion-APE-du-22.11.21-.docx\">Reunion-APE-du-22.11.21-<\/a><a href=\"https:\/\/ecolesdemines.be\/wp-content\/uploads\/2022\/01\/Reunion-APE-du-22.11.21-.docx\" class=\"wp-block-file__button\" download>T\u00e9l\u00e9charger<\/a><\/div>\n","protected":false},"excerpt":{"rendered":"<p>Rapport des Assembl\u00e9es G\u00e9n\u00e9rales Document utile<\/p>\n","protected":false},"author":3,"featured_media":0,"parent":66,"menu_order":3,"comment_status":"closed","ping_status":"closed","template":"","meta":{"footnotes":""},"class_list":["post-441","page","type-page","status-publish","hentry"],"_links":{"self":[{"href":"https:\/\/ecolesdemines.be\/index.php\/wp-json\/wp\/v2\/pages\/441","targetHints":{"allow":["GET"]}}],"collection":[{"href":"https:\/\/ecolesdemines.be\/index.php\/wp-json\/wp\/v2\/pages"}],"about":[{"href":"https:\/\/ecolesdemines.be\/index.php\/wp-json\/wp\/v2\/types\/page"}],"author":[{"embeddable":true,"href":"https:\/\/ecolesdemines.be\/index.php\/wp-json\/wp\/v2\/users\/3"}],"replies":[{"embeddable":true,"href":"https:\/\/ecolesdemines.be\/index.php\/wp-json\/wp\/v2\/comments?post=441"}],"version-history":[{"count":9,"href":"https:\/\/ecolesdemines.be\/index.php\/wp-json\/wp\/v2\/pages\/441\/revisions"}],"predecessor-version":[{"id":1382,"href":"https:\/\/ecolesdemines.be\/index.php\/wp-json\/wp\/v2\/pages\/441\/revisions\/1382"}],"up":[{"embeddable":true,"href":"https:\/\/ecolesdemines.be\/index.php\/wp-json\/wp\/v2\/pages\/66"}],"wp:attachment":[{"href":"https:\/\/ecolesdemines.be\/index.php\/wp-json\/wp\/v2\/media?parent=441"}],"curies":[{"name":"wp","href":"https:\/\/api.w.org\/{rel}","templated":true}]}}