{"id":459,"date":"2020-11-17T21:27:20","date_gmt":"2020-11-17T21:27:20","guid":{"rendered":"http:\/\/ecolesdemines.be\/?page_id=459"},"modified":"2025-04-30T09:06:34","modified_gmt":"2025-04-30T09:06:34","slug":"presentation","status":"publish","type":"page","link":"https:\/\/ecolesdemines.be\/index.php\/ape\/presentation\/","title":{"rendered":"Pr\u00e9sentation de l&rsquo;APE"},"content":{"rendered":"\n<h3 class=\"wp-block-heading\"><strong><em>Mission de l\u2019APE<\/em><\/strong><\/h3>\n\n\n\n<ul>\n<li>Etablir un dialogue positif et permanent entre l\u2019\u00e9quipe \u00e9ducative et les parents. Aider les parents \u00e0 comprendre le fonctionnement de l\u2019\u00e9cole, ses enjeux et ses contraintes.<\/li>\n<li>Organiser des activit\u00e9s r\u00e9cr\u00e9atives pour tous les enfants (cort\u00e8ge d\u2019Halloween, tourn\u00e9e de Saint-Nicolas, spectacle de Saint-Nicolas, chasse aux \u0153ufs, fancy fair) ainsi qu\u2019un projet par classe ou par groupe de classe (sortie de classe, projet d\u2019\u00e9veil (musique, th\u00e9\u00e2tre, initiation diverses \u2026)).<\/li>\n<li>D\u00e9battre de sujets soulev\u00e9s par des parents et\/ou membres de l\u2019APE concernant la vie scolaire dans le but d\u2019exprimer des avis et suggestions \u00e9ventuels afin d\u2019am\u00e9liorer la qualit\u00e9 de la vie scolaire. Cela peut d\u00e9boucher \u00e0 des projets men\u00e9s par l\u2019\u00e9quipe \u00e9ducative et\/ou l\u2019APE.<\/li>\n<li>Soutenir l\u2019\u00e9cole dans l\u2019acquisition de mat\u00e9riel (livres pour la biblioth\u00e8que, jeux pour les garderies, bancs ext\u00e9rieurs, lave-vaisselle pour la cuisine, mat\u00e9riel sp\u00e9cifique pour chaque classe, etc.)<\/li>\n<li>Favoriser les rencontres entre les parents de l\u2019\u00e9cole, afin d\u2019encourager les \u00e9changes d\u2019id\u00e9es, aller \u00e0 la rencontre des parents n\u2019\u00e9tant pas dans l\u2019APE afin de connaitre leurs attentes, souhaits ou pr\u00e9occupations collectives. Le tout dans une ambiance respectueuse et conviviale.<\/li>\n<li>Pour mettre un terme \u00e0 l\u2019ann\u00e9e scolaire, l\u2019association des parents offre le traditionnel BBQ APE. Dans une ambiance conviviale, la direction, les enseignants et les membres de l\u2019association des parents peuvent \u00e9changer leurs points de vue quant \u00e0 l\u2019ann\u00e9e \u00e9coul\u00e9e et entrevoir les perspectives pour l\u2019ann\u00e9e \u00e0 venir.<\/li>\n<\/ul>\n\n\n\n<h3 class=\"wp-block-heading\"><strong><em>Structure de l\u2019APE<\/em><\/strong><\/h3>\n\n\n\n<p>L\u2019association de parents d\u2019\u00e9l\u00e8ves (APE) est constitu\u00e9e des membres qui reprennent tous les parents d\u2019\u00e9l\u00e8ves qui le d\u00e9sirent. Et d\u2019un comit\u00e9 \u00e9lu qui constitue le bureau permanant. Les membres du comit\u00e9 se r\u00e9partissent les taches de&nbsp;:<\/p>\n\n\n\n<ul class=\"wp-block-list\"><li>Pr\u00e9sidence&nbsp;: Organiser les assembl\u00e9es g\u00e9n\u00e9rales des membres, \u00eatre le point de relais de communication entre parents et l\u2019\u00e9quipe \u00e9ducative, organise la mise en \u0153uvre des missions et projet de l\u2019APE.<\/li><li>Tr\u00e9sorerie&nbsp;: Gestion des comptes de l\u2019APE, mandataire pour les paiements, garant de l\u2019utilisation en bon p\u00e8re de famille des ressources de l\u2019APE, communique lors de l\u2019assembl\u00e9e g\u00e9n\u00e9rale la situation financi\u00e8re de l\u2019APE. Les d\u00e9penses sont discut\u00e9es et approuv\u00e9es lors des Assembl\u00e9es G\u00e9n\u00e9rales. En cas de demande urgente et pour des petits montants, le comit\u00e9 peut \u00eatre consult\u00e9 et la d\u00e9pense effectu\u00e9e sera pr\u00e9sent\u00e9e lors de la prochaine Assembl\u00e9e G\u00e9n\u00e9rale.&nbsp;<\/li><li>Secr\u00e9taire&nbsp;: Communique aux membres de l\u2019APE&nbsp; l\u2019agenda des assembl\u00e9es g\u00e9n\u00e9rales et l\u2019ordre du jour propos\u00e9. Prend note des demandes d\u2019ajout \u00e0 l\u2019ordre du jour et le fixe en approbation avec le comit\u00e9. Lors des assembl\u00e9es g\u00e9n\u00e9rales, il est garant du suivi de l\u2019ordre du jour et du timing pr\u00e9vu. Communique aux membres de l\u2019APE le rapport de la r\u00e9union.<\/li><li>Charg\u00e9 de communication&nbsp;: Cr\u00e9e et mod\u00e9lise les communications qui ont \u00e9t\u00e9 d\u00e9finie lors des assembl\u00e9es g\u00e9n\u00e9rales ou en comit\u00e9. Utilise les r\u00e9seaux de l\u2019APE (humain et digital) afin de d\u00e9ployer la communication. G\u00e8re le site web de l\u2019APE sur lequel toutes les informations relatives \u00e0 l\u2019APE sont disponibles<\/li><\/ul>\n\n\n\n<p>L\u2019APE travaille en \u00e9troite collaboration avec l\u2019\u00e9quipe \u00e9ducative de l\u2019\u00e9cole d\u2019Emines, la direction et l\u2019\u00e9quipe enseignante. L\u2019\u00e9quipe \u00e9ducative participe \u00e0 chaque assembl\u00e9e g\u00e9n\u00e9rale.<\/p>\n\n\n\n<h3 class=\"wp-block-heading\"><strong><em>Comment&nbsp;participer<\/em><\/strong><\/h3>\n\n\n\n<p>L\u2019association se r\u00e9unit chaque mois \u00e0 l\u2019\u00e9cole afin d\u2019avancer sur les missions de l\u2019APE. L\u2019association des parents existe gr\u00e2ce \u00e0 l\u2019investissement des parents. En tant que parent, vous pouvez nous soutenir&nbsp;\u00e0 votre rythme de diff\u00e9rentes mani\u00e8res :<\/p>\n\n\n\n<p>En devenant membre de l\u2019APE, en participant aux r\u00e9unions de l\u2019association, m\u00eame occasionnellement. Et en investissant un peu de votre temps selon vos disponibilit\u00e9s pour mener \u00e0 bien nos diff\u00e9rentes missions. Les assembl\u00e9es g\u00e9n\u00e9rales ont lieu 1x par mois \u00e0 partir de 20h \u00e0 l\u2019\u00e9cole.<\/p>\n\n\n\n<p>En devenant sympathisant de l\u2019APE, en donnant un coup de main ponctuel lors des activit\u00e9s organis\u00e9es (pr\u00e9paration, service au bar, la vente des tickets, rangement, etc). La participation \u00e0 ces activit\u00e9s permet de cr\u00e9er une ambiance conviviale \u00e0 l\u2019\u00e9cole et permet de r\u00e9colter des fonds dont les b\u00e9n\u00e9fices reviennent int\u00e9gralement aux enfants \u00e0 travers l\u2019\u00e9cole.<\/p>\n","protected":false},"excerpt":{"rendered":"<p>Mission de l\u2019APE Etablir un dialogue positif et permanent entre l\u2019\u00e9quipe \u00e9ducative et les parents. Aider les parents \u00e0 comprendre le fonctionnement de l\u2019\u00e9cole, ses enjeux et ses contraintes. Organiser des activit\u00e9s r\u00e9cr\u00e9atives pour tous les enfants (cort\u00e8ge d\u2019Halloween, tourn\u00e9e de Saint-Nicolas, spectacle de Saint-Nicolas, chasse aux \u0153ufs, fancy fair) &hellip; <\/p>\n","protected":false},"author":3,"featured_media":0,"parent":66,"menu_order":1,"comment_status":"closed","ping_status":"closed","template":"","meta":{"footnotes":""},"class_list":["post-459","page","type-page","status-publish","hentry"],"_links":{"self":[{"href":"https:\/\/ecolesdemines.be\/index.php\/wp-json\/wp\/v2\/pages\/459","targetHints":{"allow":["GET"]}}],"collection":[{"href":"https:\/\/ecolesdemines.be\/index.php\/wp-json\/wp\/v2\/pages"}],"about":[{"href":"https:\/\/ecolesdemines.be\/index.php\/wp-json\/wp\/v2\/types\/page"}],"author":[{"embeddable":true,"href":"https:\/\/ecolesdemines.be\/index.php\/wp-json\/wp\/v2\/users\/3"}],"replies":[{"embeddable":true,"href":"https:\/\/ecolesdemines.be\/index.php\/wp-json\/wp\/v2\/comments?post=459"}],"version-history":[{"count":4,"href":"https:\/\/ecolesdemines.be\/index.php\/wp-json\/wp\/v2\/pages\/459\/revisions"}],"predecessor-version":[{"id":465,"href":"https:\/\/ecolesdemines.be\/index.php\/wp-json\/wp\/v2\/pages\/459\/revisions\/465"}],"up":[{"embeddable":true,"href":"https:\/\/ecolesdemines.be\/index.php\/wp-json\/wp\/v2\/pages\/66"}],"wp:attachment":[{"href":"https:\/\/ecolesdemines.be\/index.php\/wp-json\/wp\/v2\/media?parent=459"}],"curies":[{"name":"wp","href":"https:\/\/api.w.org\/{rel}","templated":true}]}}