{"id":50,"date":"2020-08-26T11:01:26","date_gmt":"2020-08-26T11:01:26","guid":{"rendered":"http:\/\/ecolesdemines.be\/?page_id=50"},"modified":"2025-04-30T09:06:34","modified_gmt":"2025-04-30T09:06:34","slug":"agenda","status":"publish","type":"page","link":"https:\/\/ecolesdemines.be\/index.php\/agenda\/","title":{"rendered":"Agenda"},"content":{"rendered":"\n<p><a href=\"https:\/\/ecolesdemines.be\/index.php\/agenda\/conges-scolaires\/\" data-type=\"page\" data-id=\"60\">Cong\u00e9s scolaires<\/a><\/p>\n\n\n\n<p><a href=\"https:\/\/ecolesdemines.be\/index.php\/agenda\/dates-des-conferences-pedagogiques\/\" data-type=\"page\" data-id=\"54\">Dates des conf\u00e9rences p\u00e9dagogiques<\/a><\/p>\n\n\n\n<p><a href=\"https:\/\/ecolesdemines.be\/index.php\/agenda\/fetes-ou-activites-de-lecole\/\" data-type=\"page\" data-id=\"58\">F\u00eates ou activit\u00e9s de l&rsquo;\u00e9cole<\/a><\/p>\n\n\n\n<p><a href=\"https:\/\/ecolesdemines.be\/index.php\/agenda\/bulletin-et-reunion-de-parents\/\" data-type=\"page\" data-id=\"52\">Remise des carnets de r\u00e9ussites\/progr\u00e8s et r\u00e9unions de parents<\/a><\/p>\n\n\n\n<p><a href=\"https:\/\/ecolesdemines.be\/index.php\/agenda\/reunions-association-de-parents\/\" data-type=\"page\" data-id=\"56\">R\u00e9unions associations de parents<\/a><\/p>\n","protected":false},"excerpt":{"rendered":"<p>Cong\u00e9s scolaires Dates des conf\u00e9rences p\u00e9dagogiques F\u00eates ou activit\u00e9s de l&rsquo;\u00e9cole Remise des carnets de r\u00e9ussites\/progr\u00e8s et r\u00e9unions de parents R\u00e9unions associations de parents<\/p>\n","protected":false},"author":1,"featured_media":0,"parent":0,"menu_order":3,"comment_status":"closed","ping_status":"closed","template":"","meta":{"footnotes":""},"class_list":["post-50","page","type-page","status-publish","hentry"],"_links":{"self":[{"href":"https:\/\/ecolesdemines.be\/index.php\/wp-json\/wp\/v2\/pages\/50","targetHints":{"allow":["GET"]}}],"collection":[{"href":"https:\/\/ecolesdemines.be\/index.php\/wp-json\/wp\/v2\/pages"}],"about":[{"href":"https:\/\/ecolesdemines.be\/index.php\/wp-json\/wp\/v2\/types\/page"}],"author":[{"embeddable":true,"href":"https:\/\/ecolesdemines.be\/index.php\/wp-json\/wp\/v2\/users\/1"}],"replies":[{"embeddable":true,"href":"https:\/\/ecolesdemines.be\/index.php\/wp-json\/wp\/v2\/comments?post=50"}],"version-history":[{"count":3,"href":"https:\/\/ecolesdemines.be\/index.php\/wp-json\/wp\/v2\/pages\/50\/revisions"}],"predecessor-version":[{"id":1352,"href":"https:\/\/ecolesdemines.be\/index.php\/wp-json\/wp\/v2\/pages\/50\/revisions\/1352"}],"wp:attachment":[{"href":"https:\/\/ecolesdemines.be\/index.php\/wp-json\/wp\/v2\/media?parent=50"}],"curies":[{"name":"wp","href":"https:\/\/api.w.org\/{rel}","templated":true}]}}