{"id":52,"date":"2020-08-26T11:01:50","date_gmt":"2020-08-26T11:01:50","guid":{"rendered":"http:\/\/ecolesdemines.be\/?page_id=52"},"modified":"2025-04-30T09:06:34","modified_gmt":"2025-04-30T09:06:34","slug":"bulletin-et-reunion-de-parents","status":"publish","type":"page","link":"https:\/\/ecolesdemines.be\/index.php\/agenda\/bulletin-et-reunion-de-parents\/","title":{"rendered":"Remise des carnets de r\u00e9ussites\/progr\u00e8s et r\u00e9union de parents"},"content":{"rendered":"\t\t<div data-elementor-type=\"wp-page\" data-elementor-id=\"52\" class=\"elementor elementor-52\">\n\t\t\t\t\t\t<section class=\"elementor-section elementor-top-section elementor-element elementor-element-353d8c5c elementor-section-boxed elementor-section-height-default elementor-section-height-default\" data-id=\"353d8c5c\" data-element_type=\"section\" data-e-type=\"section\">\n\t\t\t\t\t\t<div class=\"elementor-container elementor-column-gap-default\">\n\t\t\t\t\t<div class=\"elementor-column elementor-col-100 elementor-top-column elementor-element elementor-element-b33e7e0\" data-id=\"b33e7e0\" data-element_type=\"column\" data-e-type=\"column\">\n\t\t\t<div class=\"elementor-widget-wrap elementor-element-populated\">\n\t\t\t\t\t\t<div class=\"elementor-element elementor-element-94263c9 elementor-widget elementor-widget-text-editor\" data-id=\"94263c9\" data-element_type=\"widget\" data-e-type=\"widget\" data-widget_type=\"text-editor.default\">\n\t\t\t\t<div class=\"elementor-widget-container\">\n\t\t\t\t\t\t\t\t\t<p><\/p>\n<figure class=\"wp-block-image alignleft size-large is-resized\"><img decoding=\"async\" class=\"wp-image-925\" src=\"https:\/\/ecolesdemines.be\/wp-content\/uploads\/2021\/09\/image-2.png\" alt=\"\" width=\"188\" height=\"155\" srcset=\"https:\/\/ecolesdemines.be\/wp-content\/uploads\/2021\/09\/image-2.png 605w, https:\/\/ecolesdemines.be\/wp-content\/uploads\/2021\/09\/image-2-300x247.png 300w\" sizes=\"(max-width: 188px) 100vw, 188px\" \/><\/figure>\n<p><\/p>\n<p><\/p>\n<p><strong>Assembl\u00e9e g\u00e9n\u00e9rale : <u><i>jeudi 5 septembre 2024<br \/><\/i><\/u><\/strong><\/p>\n<p><strong>Carnets de r\u00e9ussites : le vendredi 29 novembre &#8211; le vendredi 21 mars &#8211; le jeudi 3 juillet.<br \/><\/strong><\/p>\n<p><\/p>\n<p><\/p>\n<figure class=\"wp-block-table alignleft\">\n<table>\n<tbody>\n<tr>\n<td><strong><u>R\u00e9union des parents pour les primaires\u00a0:<\/u><\/strong> <br \/>Le jeudi 5 d\u00e9cembre 2024 <br \/>Le jeudi 03 avril<br \/>Remise du carnet de r\u00e9ussites le 3 juillet durant la journ\u00e9e.<b> <br \/>R\u00e9union des parents pour les maternelles :<\/b><br \/>Le jeudi 5 d\u00e9cembre.<br \/>Le jeudi 5 juin. <\/td>\n<\/tr>\n<\/tbody>\n<\/table>\n<\/figure>\n<p><\/p>\n<p><\/p>\n<figure class=\"wp-block-image size-large is-resized\"><img fetchpriority=\"high\" decoding=\"async\" class=\"wp-image-920\" src=\"https:\/\/ecolesdemines.be\/wp-content\/uploads\/2021\/09\/image-1.png\" alt=\"\" width=\"288\" height=\"204\" srcset=\"https:\/\/ecolesdemines.be\/wp-content\/uploads\/2021\/09\/image-1.png 605w, https:\/\/ecolesdemines.be\/wp-content\/uploads\/2021\/09\/image-1-300x212.png 300w\" sizes=\"(max-width: 288px) 100vw, 288px\" \/><\/figure>\n<p><\/p>\n<p><\/p>\n<p><\/p>\n<p class=\"has-text-align-right\">\u00a0<\/p>\n<p><\/p>\n<p><\/p>\n<p class=\"has-text-align-right\">\u00a0<\/p>\n<p><\/p>\n<p><\/p>\n<p><\/p>\n<p><\/p>\n<p><\/p>\t\t\t\t\t\t\t\t<\/div>\n\t\t\t\t<\/div>\n\t\t\t\t\t<\/div>\n\t\t<\/div>\n\t\t\t\t\t<\/div>\n\t\t<\/section>\n\t\t\t\t<\/div>\n\t\t","protected":false},"excerpt":{"rendered":"<p>Assembl\u00e9e g\u00e9n\u00e9rale : jeudi 5 septembre 2024 Carnets de r\u00e9ussites : le vendredi 29 novembre &#8211; le vendredi 21 mars &#8211; le jeudi 3 juillet. R\u00e9union des parents pour les primaires\u00a0: Le jeudi 5 d\u00e9cembre 2024 Le jeudi 03 avrilRemise du carnet de r\u00e9ussites le 3 juillet durant la journ\u00e9e. &hellip; <\/p>\n","protected":false},"author":1,"featured_media":0,"parent":50,"menu_order":0,"comment_status":"closed","ping_status":"closed","template":"","meta":{"footnotes":""},"class_list":["post-52","page","type-page","status-publish","hentry"],"_links":{"self":[{"href":"https:\/\/ecolesdemines.be\/index.php\/wp-json\/wp\/v2\/pages\/52","targetHints":{"allow":["GET"]}}],"collection":[{"href":"https:\/\/ecolesdemines.be\/index.php\/wp-json\/wp\/v2\/pages"}],"about":[{"href":"https:\/\/ecolesdemines.be\/index.php\/wp-json\/wp\/v2\/types\/page"}],"author":[{"embeddable":true,"href":"https:\/\/ecolesdemines.be\/index.php\/wp-json\/wp\/v2\/users\/1"}],"replies":[{"embeddable":true,"href":"https:\/\/ecolesdemines.be\/index.php\/wp-json\/wp\/v2\/comments?post=52"}],"version-history":[{"count":99,"href":"https:\/\/ecolesdemines.be\/index.php\/wp-json\/wp\/v2\/pages\/52\/revisions"}],"predecessor-version":[{"id":3594,"href":"https:\/\/ecolesdemines.be\/index.php\/wp-json\/wp\/v2\/pages\/52\/revisions\/3594"}],"up":[{"embeddable":true,"href":"https:\/\/ecolesdemines.be\/index.php\/wp-json\/wp\/v2\/pages\/50"}],"wp:attachment":[{"href":"https:\/\/ecolesdemines.be\/index.php\/wp-json\/wp\/v2\/media?parent=52"}],"curies":[{"name":"wp","href":"https:\/\/api.w.org\/{rel}","templated":true}]}}