{"id":542,"date":"2021-03-25T09:05:08","date_gmt":"2021-03-25T09:05:08","guid":{"rendered":"https:\/\/ecolesdemines.be\/?page_id=542"},"modified":"2025-04-30T09:06:51","modified_gmt":"2025-04-30T09:06:51","slug":"sapins-de-noel","status":"publish","type":"page","link":"https:\/\/ecolesdemines.be\/index.php\/ape\/evenements\/sapins-de-noel\/","title":{"rendered":"Sapins de No\u00ebl"},"content":{"rendered":"\n<h2 class=\"wp-block-heading\">Sapins de No\u00ebl 2020<\/h2>\n\n\n\n<p>Cette ann\u00e9e 2020, 46 sapins ont \u00e9t\u00e9 command\u00e9s (1 annul\u00e9 et rembours\u00e9 pour cause covid)<br>30 \u20ac \u00e0 la vente, dont la moiti\u00e9 repr\u00e9sente le b\u00e9n\u00e9fice pour l&rsquo;\u00e9cole. 2,5 \u20ac le pied.<br>Pieds fabriqu\u00e9 par l&rsquo;APE en last minute. Bravo au menuisier amateur \ud83d\ude09<\/p>\n\n\n\n<figure class=\"wp-block-image size-large is-resized\"><img fetchpriority=\"high\" decoding=\"async\" src=\"https:\/\/ecolesdemines.be\/wp-content\/uploads\/2021\/03\/20201211_172529-1024x473.jpg\" alt=\"\" class=\"wp-image-546\" width=\"512\" height=\"237\" srcset=\"https:\/\/ecolesdemines.be\/wp-content\/uploads\/2021\/03\/20201211_172529-1024x473.jpg 1024w, https:\/\/ecolesdemines.be\/wp-content\/uploads\/2021\/03\/20201211_172529-300x139.jpg 300w, https:\/\/ecolesdemines.be\/wp-content\/uploads\/2021\/03\/20201211_172529-768x355.jpg 768w, https:\/\/ecolesdemines.be\/wp-content\/uploads\/2021\/03\/20201211_172529-1536x709.jpg 1536w, https:\/\/ecolesdemines.be\/wp-content\/uploads\/2021\/03\/20201211_172529-2048x946.jpg 2048w\" sizes=\"(max-width: 512px) 100vw, 512px\" \/><\/figure>\n\n\n\n<p><\/p>\n\n\n\n<div class=\"wp-block-file\"><a href=\"https:\/\/ecolesdemines.be\/wp-content\/uploads\/2021\/03\/2020_12_APE_Sapins_de_Noel_Final_Flyer.pptx\">2020_12_APE_Sapins_de_Noel_Final_Flyer<\/a><a href=\"https:\/\/ecolesdemines.be\/wp-content\/uploads\/2021\/03\/2020_12_APE_Sapins_de_Noel_Final_Flyer.pptx\" class=\"wp-block-file__button\" download>T\u00e9l\u00e9charger<\/a><\/div>\n\n\n\n<div class=\"wp-block-file\"><a href=\"https:\/\/ecolesdemines.be\/wp-content\/uploads\/2021\/03\/2020_12_APE_Sapins_de_Noel.pptx\">2020_12_APE_Sapins_de_Noel<\/a><a href=\"https:\/\/ecolesdemines.be\/wp-content\/uploads\/2021\/03\/2020_12_APE_Sapins_de_Noel.pptx\" class=\"wp-block-file__button\" download>T\u00e9l\u00e9charger<\/a><\/div>\n","protected":false},"excerpt":{"rendered":"<p>Sapins de No\u00ebl 2020 Cette ann\u00e9e 2020, 46 sapins ont \u00e9t\u00e9 command\u00e9s (1 annul\u00e9 et rembours\u00e9 pour cause covid)30 \u20ac \u00e0 la vente, dont la moiti\u00e9 repr\u00e9sente le b\u00e9n\u00e9fice pour l&rsquo;\u00e9cole. 2,5 \u20ac le pied.Pieds fabriqu\u00e9 par l&rsquo;APE en last minute. Bravo au menuisier amateur \ud83d\ude09<\/p>\n","protected":false},"author":3,"featured_media":0,"parent":863,"menu_order":2,"comment_status":"closed","ping_status":"closed","template":"","meta":{"footnotes":""},"class_list":["post-542","page","type-page","status-publish","hentry"],"_links":{"self":[{"href":"https:\/\/ecolesdemines.be\/index.php\/wp-json\/wp\/v2\/pages\/542","targetHints":{"allow":["GET"]}}],"collection":[{"href":"https:\/\/ecolesdemines.be\/index.php\/wp-json\/wp\/v2\/pages"}],"about":[{"href":"https:\/\/ecolesdemines.be\/index.php\/wp-json\/wp\/v2\/types\/page"}],"author":[{"embeddable":true,"href":"https:\/\/ecolesdemines.be\/index.php\/wp-json\/wp\/v2\/users\/3"}],"replies":[{"embeddable":true,"href":"https:\/\/ecolesdemines.be\/index.php\/wp-json\/wp\/v2\/comments?post=542"}],"version-history":[{"count":2,"href":"https:\/\/ecolesdemines.be\/index.php\/wp-json\/wp\/v2\/pages\/542\/revisions"}],"predecessor-version":[{"id":554,"href":"https:\/\/ecolesdemines.be\/index.php\/wp-json\/wp\/v2\/pages\/542\/revisions\/554"}],"up":[{"embeddable":true,"href":"https:\/\/ecolesdemines.be\/index.php\/wp-json\/wp\/v2\/pages\/863"}],"wp:attachment":[{"href":"https:\/\/ecolesdemines.be\/index.php\/wp-json\/wp\/v2\/media?parent=542"}],"curies":[{"name":"wp","href":"https:\/\/api.w.org\/{rel}","templated":true}]}}