{"id":58,"date":"2020-08-26T11:03:12","date_gmt":"2020-08-26T11:03:12","guid":{"rendered":"http:\/\/ecolesdemines.be\/?page_id=58"},"modified":"2025-04-30T09:06:34","modified_gmt":"2025-04-30T09:06:34","slug":"fetes-ou-activites-de-lecole","status":"publish","type":"page","link":"https:\/\/ecolesdemines.be\/index.php\/agenda\/fetes-ou-activites-de-lecole\/","title":{"rendered":"F\u00eates ou activit\u00e9s de l\u2019\u00e9cole"},"content":{"rendered":"\t\t<div data-elementor-type=\"wp-page\" data-elementor-id=\"58\" class=\"elementor elementor-58\">\n\t\t\t\t\t\t<section class=\"elementor-section elementor-top-section elementor-element elementor-element-53a00a78 elementor-section-boxed elementor-section-height-default elementor-section-height-default\" data-id=\"53a00a78\" data-element_type=\"section\" data-e-type=\"section\">\n\t\t\t\t\t\t<div class=\"elementor-container elementor-column-gap-default\">\n\t\t\t\t\t<div class=\"elementor-column elementor-col-100 elementor-top-column elementor-element elementor-element-67fc89ab\" data-id=\"67fc89ab\" data-element_type=\"column\" data-e-type=\"column\">\n\t\t\t<div class=\"elementor-widget-wrap elementor-element-populated\">\n\t\t\t\t\t\t<div class=\"elementor-element elementor-element-c7fd683 elementor-widget elementor-widget-text-editor\" data-id=\"c7fd683\" data-element_type=\"widget\" data-e-type=\"widget\" data-widget_type=\"text-editor.default\">\n\t\t\t\t<div class=\"elementor-widget-container\">\n\t\t\t\t\t\t\t\t\t<p><\/p>\n<figure class=\"wp-block-image size-large is-resized\"><img decoding=\"async\" class=\"wp-image-201\" src=\"https:\/\/ecolesdemines.be\/wp-content\/uploads\/2020\/09\/fetes-decole-1.jpg\" alt=\"\" width=\"215\" height=\"161\" srcset=\"https:\/\/ecolesdemines.be\/wp-content\/uploads\/2020\/09\/fetes-decole-1.jpg 400w, https:\/\/ecolesdemines.be\/wp-content\/uploads\/2020\/09\/fetes-decole-1-300x225.jpg 300w\" sizes=\"(max-width: 215px) 100vw, 215px\" \/><\/figure>\n<p><\/p>\n<p><\/p>\n<p><strong><u>CALENDRIER DES FESTIVITES<\/u><\/strong><\/p>\n<p><strong>March\u00e9 des saveurs : le jeudi 19 d\u00e9cembre 2024 \u00e0 partir de 17h <br><\/strong><\/p>\n<p><strong>Blind test : le samedi 8 f\u00e9vrier 2025<br><\/strong><\/p>\n<p><strong>Exposition (portes ouvertes) : le jeudi 10 avril 2025<u><br><\/u><\/strong><\/p><p><strong><u>Fancy-fair : le samedi 31 mai 2025<br><\/u><\/strong><\/p>\n<p><\/p>\n<p><\/p>\n<p><\/p>\n<p><\/p>\n<p><\/p>\n<p><\/p>\t\t\t\t\t\t\t\t<\/div>\n\t\t\t\t<\/div>\n\t\t\t\t\t<\/div>\n\t\t<\/div>\n\t\t\t\t\t<\/div>\n\t\t<\/section>\n\t\t\t\t<\/div>\n\t\t","protected":false},"excerpt":{"rendered":"<p>CALENDRIER DES FESTIVITES March\u00e9 des saveurs : le jeudi 19 d\u00e9cembre 2024 \u00e0 partir de 17h Blind test : le samedi 8 f\u00e9vrier 2025 Exposition (portes ouvertes) : le jeudi 10 avril 2025 Fancy-fair : le samedi 31 mai 2025<\/p>\n","protected":false},"author":1,"featured_media":0,"parent":50,"menu_order":0,"comment_status":"closed","ping_status":"closed","template":"","meta":{"footnotes":""},"class_list":["post-58","page","type-page","status-publish","hentry"],"_links":{"self":[{"href":"https:\/\/ecolesdemines.be\/index.php\/wp-json\/wp\/v2\/pages\/58","targetHints":{"allow":["GET"]}}],"collection":[{"href":"https:\/\/ecolesdemines.be\/index.php\/wp-json\/wp\/v2\/pages"}],"about":[{"href":"https:\/\/ecolesdemines.be\/index.php\/wp-json\/wp\/v2\/types\/page"}],"author":[{"embeddable":true,"href":"https:\/\/ecolesdemines.be\/index.php\/wp-json\/wp\/v2\/users\/1"}],"replies":[{"embeddable":true,"href":"https:\/\/ecolesdemines.be\/index.php\/wp-json\/wp\/v2\/comments?post=58"}],"version-history":[{"count":11,"href":"https:\/\/ecolesdemines.be\/index.php\/wp-json\/wp\/v2\/pages\/58\/revisions"}],"predecessor-version":[{"id":3591,"href":"https:\/\/ecolesdemines.be\/index.php\/wp-json\/wp\/v2\/pages\/58\/revisions\/3591"}],"up":[{"embeddable":true,"href":"https:\/\/ecolesdemines.be\/index.php\/wp-json\/wp\/v2\/pages\/50"}],"wp:attachment":[{"href":"https:\/\/ecolesdemines.be\/index.php\/wp-json\/wp\/v2\/media?parent=58"}],"curies":[{"name":"wp","href":"https:\/\/api.w.org\/{rel}","templated":true}]}}