{"id":64,"date":"2020-08-26T11:04:07","date_gmt":"2020-08-26T11:04:07","guid":{"rendered":"http:\/\/ecolesdemines.be\/?page_id=64"},"modified":"2025-04-30T09:06:34","modified_gmt":"2025-04-30T09:06:34","slug":"contacts","status":"publish","type":"page","link":"https:\/\/ecolesdemines.be\/index.php\/contacts\/","title":{"rendered":"Contacts"},"content":{"rendered":"\n<p><b>Ecole Communale d\u2019Emines<\/b><\/p>\n<p align=\"justify\">Rue de Rhisnes, 20, 5080 Emines<br \/>T\u00e9l. 081\/21 36 39<br \/>Direction : Christelle Goffaux, 081\/21 36 39\u00a0 \u00a0 \u00a0 \u00a0 \u00a0 \u00a0 \u00a0 \u00a0 \u00a0 \u00a0 \u00a0 \u00a0 \u00a0 \u00a0 \u00a0 \u00a0 \u00a0 \u00a0 \u00a0 \u00a0 \u00a0 \u00a0 \u00a0 \u00a0 \u00a0 \u00a0 \u00a0 \u00a0 \u00a0 \u00a0 \u00a0 \u00a0 \u00a0 \u00a0 \u00a0 \u00a0 \u00a0 \u00a0 \u00a0 \u00a0 \u00a0 \u00a0 \u00a0 \u00a0 \u00a0 \u00a0 \u00a0<\/p>\n<p align=\"justify\">Secr\u00e9taire:<\/p>\n<p align=\"justify\">Du lundi au jeudi : Fr\u00e9d\u00e9rique Lejeune 081\/21 36 39<\/p>\n<p align=\"justify\">Le vendredi : Reine RONDIA\u00a0 081\/21 36 39<\/p>\n<p align=\"justify\"><a href=\"mailto:ecole.emines@labruyere.be\">ecole.emines@labruyere.be<\/a><\/p>\n<p><b>Association des Parents et des Enseignants de l\u2019\u00e9cole d\u2019Emines<br \/><br \/><\/b><a href=\"mailto:ape@ecoleemines.be\">ape.emines@hotmail.com<\/a><\/p>\n<p><b>Asbl R\u00e9cr\u00e9\u2019agique (garderie extra-scolaire)<\/b><\/p>\n<p align=\"justify\">0475\/41 70 24 (Herv\u00e9 Gilbert, Administration g\u00e9n\u00e9rale)<br \/>0478\/50 59 25 (Thomas Pinera, Facturation)<br \/><a href=\"mailto:labruyere@recreagique.be\">labruyere@recreagique.be<\/a><br \/><br \/>Pour joindre les accueillantes durant les heures de garderie : 0479 21 12 37 ou 0478 18 12 16<\/p>\n<p><br \/><br \/><\/p>\n<p><iframe style=\"border: 0;\" tabindex=\"0\" src=\"https:\/\/www.google.com\/maps\/embed?pb=!1m18!1m12!1m3!1d2537.1606184414163!2d4.83842745122353!3d50.512578190666694!2m3!1f0!2f0!3f0!3m2!1i1024!2i768!4f13.1!3m3!1m2!1s0x47c19c175bdea23f%3A0xde97228e01e341c2!2sEcoles%20Communales%20Mixtes%2C%20Emines!5e0!3m2!1sfr!2sbe!4v1598440354817!5m2!1sfr!2sbe\" width=\"600\" height=\"450\" frameborder=\"0\" allowfullscreen=\"allowfullscreen\" aria-hidden=\"false\"><\/iframe><\/p>\n\n\n\n<p><a href=\"http:\/\/www.ecoleemines.be\">www.ecoleemines.be<\/a><\/p>\n\n\n\n<p><\/p>\n","protected":false},"excerpt":{"rendered":"<p>Ecole Communale d\u2019Emines Rue de Rhisnes, 20, 5080 EminesT\u00e9l. 081\/21 36 39Direction : Christelle Goffaux, 081\/21 36 39\u00a0 \u00a0 \u00a0 \u00a0 \u00a0 \u00a0 \u00a0 \u00a0 \u00a0 \u00a0 \u00a0 \u00a0 \u00a0 \u00a0 \u00a0 \u00a0 \u00a0 \u00a0 \u00a0 \u00a0 \u00a0 \u00a0 \u00a0 \u00a0 \u00a0 \u00a0 \u00a0 \u00a0 \u00a0 \u00a0 \u00a0 \u00a0 \u00a0 &hellip; <\/p>\n","protected":false},"author":1,"featured_media":0,"parent":0,"menu_order":5,"comment_status":"closed","ping_status":"closed","template":"","meta":{"footnotes":""},"class_list":["post-64","page","type-page","status-publish","hentry"],"_links":{"self":[{"href":"https:\/\/ecolesdemines.be\/index.php\/wp-json\/wp\/v2\/pages\/64","targetHints":{"allow":["GET"]}}],"collection":[{"href":"https:\/\/ecolesdemines.be\/index.php\/wp-json\/wp\/v2\/pages"}],"about":[{"href":"https:\/\/ecolesdemines.be\/index.php\/wp-json\/wp\/v2\/types\/page"}],"author":[{"embeddable":true,"href":"https:\/\/ecolesdemines.be\/index.php\/wp-json\/wp\/v2\/users\/1"}],"replies":[{"embeddable":true,"href":"https:\/\/ecolesdemines.be\/index.php\/wp-json\/wp\/v2\/comments?post=64"}],"version-history":[{"count":16,"href":"https:\/\/ecolesdemines.be\/index.php\/wp-json\/wp\/v2\/pages\/64\/revisions"}],"predecessor-version":[{"id":2154,"href":"https:\/\/ecolesdemines.be\/index.php\/wp-json\/wp\/v2\/pages\/64\/revisions\/2154"}],"wp:attachment":[{"href":"https:\/\/ecolesdemines.be\/index.php\/wp-json\/wp\/v2\/media?parent=64"}],"curies":[{"name":"wp","href":"https:\/\/api.w.org\/{rel}","templated":true}]}}