{"id":8,"date":"2020-08-26T10:52:34","date_gmt":"2020-08-26T10:52:34","guid":{"rendered":"http:\/\/ecolesdemines.be\/?page_id=8"},"modified":"2025-04-30T09:06:17","modified_gmt":"2025-04-30T09:06:17","slug":"notre-equipe","status":"publish","type":"page","link":"https:\/\/ecolesdemines.be\/index.php\/sample-page\/notre-equipe\/","title":{"rendered":"Notre \u00e9quipe"},"content":{"rendered":"<div class=\"wp-block-image\">\n<figure class=\"alignright size-large is-resized\"><img fetchpriority=\"high\" decoding=\"async\" width=\"378\" height=\"257\" src=\"https:\/\/ecolesdemines.be\/wp-content\/uploads\/2020\/09\/equipe.jpg\" alt=\"\" class=\"wp-image-134\" style=\"width:268px;height:182px\" srcset=\"https:\/\/ecolesdemines.be\/wp-content\/uploads\/2020\/09\/equipe.jpg 378w, https:\/\/ecolesdemines.be\/wp-content\/uploads\/2020\/09\/equipe-300x204.jpg 300w\" sizes=\"(max-width: 378px) 100vw, 378px\" \/><\/figure><\/div>\n\n\n<p><strong>Direction<\/strong><\/p>\n\n\n\n<figure class=\"wp-block-table\"><table><tbody><tr><td>Madame Christelle Goffaux <br>081\/ 21 36 39 <br>ecole.emines@labruyere.be<\/td><\/tr><\/tbody><\/table><\/figure>\n\n\n\n<p><strong>Secr\u00e9tariat<\/strong><\/p>\n\n\n\n<figure class=\"wp-block-table\"><table><tbody><tr><td>Madame Fr\u00e9d\u00e9rique Lejeune et Madame Rondia Reine 081\/21 36 39 <\/td><\/tr><\/tbody><\/table><\/figure>\n\n\n\n<p><strong>Cours et encadrement<\/strong><\/p>\n\n\n\n<p>Classes maternelles \u2013 Titulaires<\/p>\n\n\n\n<figure class=\"wp-block-table\"><table><tbody><tr><td><strong>Classe<\/strong><\/td><td><strong>Titutaire<\/strong><\/td><\/tr><tr><td>Accueil\/M1<\/td><td>Madame Dani\u00e8le Poliard<\/td><\/tr><tr><td>M1\/M2<\/td><td>Madame Sarah Zicot<\/td><\/tr><tr><td>M2\/M3<\/td><td>Madame Aurore Brilot<\/td><\/tr><tr><td>M2\/M3<\/td><td>Madame Sophie Libert<\/td><\/tr><tr><td>Pu\u00e9ricultrice<\/td><td>Madame Christelle Ska<\/td><\/tr><tr><td>Psychomotricit\u00e9<\/td><td>Monsieur Yannick Woos<br>Monsieur Antoine Schollaert<\/td><\/tr><\/tbody><\/table><\/figure>\n\n\n\n<p>Classes primaires \u2013 Titulaires<\/p>\n\n\n\n<figure class=\"wp-block-table\"><table><tbody><tr><td>P1<\/td><td>Madame Julie Dohet<\/td><\/tr><tr><td>P1-P2<\/td><td>Madame Pauline Laffineur <\/td><\/tr><tr><td>P2<\/td><td>Madame Christelle Boite<\/td><\/tr><tr><td>P3<\/td><td>Madame Laurence Bossut<\/td><\/tr><tr><td>P4<\/td><td>Madame Aurore Dauginet<\/td><\/tr><tr><td>P5<\/td><td>Monsieur Brieuc<\/td><\/tr><tr><td>P6A<\/td><td>Madame S\u00e9verine Thomas<\/td><\/tr><\/tbody><\/table><\/figure>\n\n\n\n<figure class=\"wp-block-table\"><table><tbody><tr><td>Education Physique<\/td><td>Monsieur Damien Defoux <br>Monsieur Jean-Christophe Thomas<br>Monsieur Antoine Schollaert<br>Monsieur Yannick Woos<\/td><\/tr><tr><td>Religion catholique<\/td><td>Madame Aur\u00e9lie Adam <br>Madame Fran\u00e7oise Liessen<\/td><\/tr><tr><td>Morale La\u00efque<\/td><td>Madame Monthie Mulquin<\/td><\/tr><tr><td>Religion Islamique &nbsp;<\/td><td>Madame Tayssir Charffedine &nbsp;<\/td><\/tr><tr><td>CPC et philosophie et citoyennet\u00e9 &nbsp;<\/td><td>Madame Muriel Despontin<\/td><\/tr><tr><td>N\u00e9erlandais\/anglais\/bain de langues<\/td><td>Madame Maryse Cappe <br>Madame Judith Pierre <br>Madame Laure Derenne<\/td><\/tr><tr><td>Programme \u00ab\u00a0parler\u00a0\u00bb<\/td><td>Madame B\u00e9n\u00e9dicte Marchal<\/td><\/tr><tr><td>Logop\u00e8de<\/td><td>Madame Caroline Dieu<\/td><\/tr><\/tbody><\/table><\/figure>\n\n\n\n<p><strong>Personnel accueillant<\/strong><\/p>\n\n\n\n<figure class=\"wp-block-table\"><table><tbody><tr><td>Madame Evelyne <br>Madame Andr\u00e9a <br>Madame Martine<br>Madame Maryam<br>Monsieur Georges<br>Monsieur Kilian<br>Madame Khadija<\/td><\/tr><\/tbody><\/table><\/figure>\n\n\n\n<p><strong>Personnel d&rsquo;entretien<\/strong><\/p>\n\n\n\n<figure class=\"wp-block-table\"><table><tbody><tr><td>Monsieur S\u00e9bastien Dhaene<br>Madame Maryam El Hamdou<br>Madame Evelyne Minne<br>Monsieur Eric N\u2019Songa<\/td><\/tr><\/tbody><\/table><\/figure>\n\n\n\n\n\n<div data-wp-interactive=\"core\/file\" class=\"wp-block-file\"><object data-wp-bind--hidden=\"!state.hasPdfPreview\" hidden class=\"wp-block-file__embed\" data=\"https:\/\/ecolesdemines.be\/wp-content\/uploads\/2022\/01\/20220117145427017.pdf\" type=\"application\/pdf\" style=\"width:100%;height:600px\" aria-label=\"Contenu embarqu\u00e9 20220117145427017.\"><\/object><a id=\"wp-block-file--media-2edaa0ea-8b91-4e6e-aed8-0da96a4d238f\" href=\"https:\/\/ecolesdemines.be\/wp-content\/uploads\/2022\/01\/20220117145427017.pdf\">20220117145427017<\/a><a href=\"https:\/\/ecolesdemines.be\/wp-content\/uploads\/2022\/01\/20220117145427017.pdf\" class=\"wp-block-file__button wp-element-button\" download aria-describedby=\"wp-block-file--media-2edaa0ea-8b91-4e6e-aed8-0da96a4d238f\">T\u00e9l\u00e9charger<\/a><\/div>\n","protected":false},"excerpt":{"rendered":"<p>Direction Madame Christelle Goffaux 081\/ 21 36 39 ecole.emines@labruyere.be Secr\u00e9tariat Madame Fr\u00e9d\u00e9rique Lejeune et Madame Rondia Reine 081\/21 36 39 Cours et encadrement Classes maternelles \u2013 Titulaires Classe Titutaire Accueil\/M1 Madame Dani\u00e8le Poliard M1\/M2 Madame Sarah Zicot M2\/M3 Madame Aurore Brilot M2\/M3 Madame Sophie Libert Pu\u00e9ricultrice Madame Christelle Ska Psychomotricit\u00e9 &hellip; <\/p>\n","protected":false},"author":1,"featured_media":0,"parent":2,"menu_order":0,"comment_status":"closed","ping_status":"closed","template":"","meta":{"footnotes":""},"class_list":["post-8","page","type-page","status-publish","hentry"],"_links":{"self":[{"href":"https:\/\/ecolesdemines.be\/index.php\/wp-json\/wp\/v2\/pages\/8","targetHints":{"allow":["GET"]}}],"collection":[{"href":"https:\/\/ecolesdemines.be\/index.php\/wp-json\/wp\/v2\/pages"}],"about":[{"href":"https:\/\/ecolesdemines.be\/index.php\/wp-json\/wp\/v2\/types\/page"}],"author":[{"embeddable":true,"href":"https:\/\/ecolesdemines.be\/index.php\/wp-json\/wp\/v2\/users\/1"}],"replies":[{"embeddable":true,"href":"https:\/\/ecolesdemines.be\/index.php\/wp-json\/wp\/v2\/comments?post=8"}],"version-history":[{"count":21,"href":"https:\/\/ecolesdemines.be\/index.php\/wp-json\/wp\/v2\/pages\/8\/revisions"}],"predecessor-version":[{"id":3574,"href":"https:\/\/ecolesdemines.be\/index.php\/wp-json\/wp\/v2\/pages\/8\/revisions\/3574"}],"up":[{"embeddable":true,"href":"https:\/\/ecolesdemines.be\/index.php\/wp-json\/wp\/v2\/pages\/2"}],"wp:attachment":[{"href":"https:\/\/ecolesdemines.be\/index.php\/wp-json\/wp\/v2\/media?parent=8"}],"curies":[{"name":"wp","href":"https:\/\/api.w.org\/{rel}","templated":true}]}}