{"id":860,"date":"2021-06-29T08:12:53","date_gmt":"2021-06-29T08:12:53","guid":{"rendered":"https:\/\/ecolesdemines.be\/?page_id=860"},"modified":"2025-04-30T09:06:51","modified_gmt":"2025-04-30T09:06:51","slug":"fancy-marche-2021","status":"publish","type":"page","link":"https:\/\/ecolesdemines.be\/index.php\/ape\/evenements\/fancy-marche-2021\/","title":{"rendered":"Fancy Marche 2021"},"content":{"rendered":"\n<p>Les mesures covid ont oblig\u00e9 l\u2019APE \u00e0 se r\u00e9inventer pour l\u2019\u00e9dition 2021 de la Fancy-Fair. D\u2019une kyrielle d\u2019id\u00e9e, une marche avec des stands de jeux a \u00e9merg\u00e9e et la Fancy Marche (AOP Amaury F.) est n\u00e9e. L\u2019\u00e9volution positive de la crise sanitaire a m\u00eame permis de suivre par un agr\u00e9able moment autour d\u2019un pain saucisse \u00e0 l\u2019\u00e9cole.<\/p>\n\n\n\n<p>La Fancy Marche a r\u00e9uni entre 370 et 400 personnes qui ont pu, par petit groupe, faire le beau parcours de 4km et demi. Sur leur chemin, les enfants et parfois les parents, ont eu des \u00e9preuves \u00e0 r\u00e9aliser et \u00e0 l\u2019arriv\u00e9e une bonne r\u00e9compense les attendait&nbsp;:). Une fois \u00e0 l\u2019\u00e9cole, les parents ont pu se poser avec une bonne boisson fraiche et les enfants, toujours plein d\u2019\u00e9nergie, ont jou\u00e9 et saut\u00e9 dans les ch\u00e2teaux gonflables.<\/p>\n\n\n\n<p>Ci-apr\u00e8s, vous trouverez quelques photos de cette journ\u00e9e. Si vous avez une belle que vous souhaitez partager sur le site, n\u2019h\u00e9sitez pas \u00e0 l\u2019envoyer au mail de contact en accueil de l\u2019APE (pr\u00e9cisez si vous souhaitez flouter les visages).<\/p>\n\n\n\n<p>Qu\u2019y a-t-on gagn\u00e9&nbsp;?<\/p>\n\n\n\n<ul class=\"wp-block-list\"><li>Un tr\u00e8s bon moment conviviale en famille et entre amis apr\u00e8s une longue p\u00e9riode de bulle restreinte<\/li><li>Un nouveau concept dont plusieurs bon \u00e9cho nous sont revenus. A refaire&nbsp;? Probablement, ce sera discuter<\/li><li>De nouveaux parents qui se sont manifest\u00e9s pour aider et \u00e9ventuellement rejoindre l\u2019APE (acc\u00e8s libre pour rappel&nbsp;\ud83d\ude09<\/li><li>Un b\u00e9n\u00e9fice de _ _ _ _ _&nbsp; euro qui rejoint les r\u00e9serves de l\u2019\u00e9cole et APE. Pour l\u2019utilisation de ces fonds, voir la page d\u2019accueil de l\u2019APE<\/li><\/ul>\n\n\n\n<div class=\"wp-block-columns is-layout-flex wp-container-core-columns-is-layout-9d6595d7 wp-block-columns-is-layout-flex\">\n<div class=\"wp-block-column is-layout-flow wp-block-column-is-layout-flow\" style=\"flex-basis:33.33%\">\n<figure class=\"wp-block-image size-large is-style-rounded\"><img fetchpriority=\"high\" decoding=\"async\" width=\"792\" height=\"1024\" src=\"https:\/\/ecolesdemines.be\/wp-content\/uploads\/2021\/06\/Course-SaC-792x1024.jpg\" alt=\"\" class=\"wp-image-865\" srcset=\"https:\/\/ecolesdemines.be\/wp-content\/uploads\/2021\/06\/Course-SaC-792x1024.jpg 792w, https:\/\/ecolesdemines.be\/wp-content\/uploads\/2021\/06\/Course-SaC-232x300.jpg 232w, https:\/\/ecolesdemines.be\/wp-content\/uploads\/2021\/06\/Course-SaC-768x992.jpg 768w, https:\/\/ecolesdemines.be\/wp-content\/uploads\/2021\/06\/Course-SaC-1189x1536.jpg 1189w, https:\/\/ecolesdemines.be\/wp-content\/uploads\/2021\/06\/Course-SaC-1585x2048.jpg 1585w, https:\/\/ecolesdemines.be\/wp-content\/uploads\/2021\/06\/Course-SaC-scaled.jpg 1981w\" sizes=\"(max-width: 792px) 100vw, 792px\" \/><\/figure>\n<\/div>\n\n\n\n<div class=\"wp-block-column is-layout-flow wp-block-column-is-layout-flow\" style=\"flex-basis:66.66%\">\n<figure class=\"wp-block-image size-large is-style-rounded\"><img decoding=\"async\" width=\"1024\" height=\"472\" src=\"https:\/\/ecolesdemines.be\/wp-content\/uploads\/2021\/06\/20210627_114503-1024x472.jpg\" alt=\"\" class=\"wp-image-868\" srcset=\"https:\/\/ecolesdemines.be\/wp-content\/uploads\/2021\/06\/20210627_114503-1024x472.jpg 1024w, https:\/\/ecolesdemines.be\/wp-content\/uploads\/2021\/06\/20210627_114503-300x138.jpg 300w, https:\/\/ecolesdemines.be\/wp-content\/uploads\/2021\/06\/20210627_114503-768x354.jpg 768w, https:\/\/ecolesdemines.be\/wp-content\/uploads\/2021\/06\/20210627_114503-1536x708.jpg 1536w, https:\/\/ecolesdemines.be\/wp-content\/uploads\/2021\/06\/20210627_114503-2048x944.jpg 2048w\" sizes=\"(max-width: 1024px) 100vw, 1024px\" \/><\/figure>\n\n\n\n<p><\/p>\n<\/div>\n<\/div>\n","protected":false},"excerpt":{"rendered":"<p>Les mesures covid ont oblig\u00e9 l\u2019APE \u00e0 se r\u00e9inventer pour l\u2019\u00e9dition 2021 de la Fancy-Fair. D\u2019une kyrielle d\u2019id\u00e9e, une marche avec des stands de jeux a \u00e9merg\u00e9e et la Fancy Marche (AOP Amaury F.) est n\u00e9e. L\u2019\u00e9volution positive de la crise sanitaire a m\u00eame permis de suivre par un agr\u00e9able &hellip; <\/p>\n","protected":false},"author":3,"featured_media":0,"parent":863,"menu_order":1,"comment_status":"closed","ping_status":"closed","template":"","meta":{"footnotes":""},"class_list":["post-860","page","type-page","status-publish","hentry"],"_links":{"self":[{"href":"https:\/\/ecolesdemines.be\/index.php\/wp-json\/wp\/v2\/pages\/860","targetHints":{"allow":["GET"]}}],"collection":[{"href":"https:\/\/ecolesdemines.be\/index.php\/wp-json\/wp\/v2\/pages"}],"about":[{"href":"https:\/\/ecolesdemines.be\/index.php\/wp-json\/wp\/v2\/types\/page"}],"author":[{"embeddable":true,"href":"https:\/\/ecolesdemines.be\/index.php\/wp-json\/wp\/v2\/users\/3"}],"replies":[{"embeddable":true,"href":"https:\/\/ecolesdemines.be\/index.php\/wp-json\/wp\/v2\/comments?post=860"}],"version-history":[{"count":3,"href":"https:\/\/ecolesdemines.be\/index.php\/wp-json\/wp\/v2\/pages\/860\/revisions"}],"predecessor-version":[{"id":869,"href":"https:\/\/ecolesdemines.be\/index.php\/wp-json\/wp\/v2\/pages\/860\/revisions\/869"}],"up":[{"embeddable":true,"href":"https:\/\/ecolesdemines.be\/index.php\/wp-json\/wp\/v2\/pages\/863"}],"wp:attachment":[{"href":"https:\/\/ecolesdemines.be\/index.php\/wp-json\/wp\/v2\/media?parent=860"}],"curies":[{"name":"wp","href":"https:\/\/api.w.org\/{rel}","templated":true}]}}