{"id":90,"date":"2020-08-26T12:00:18","date_gmt":"2020-08-26T12:00:18","guid":{"rendered":"http:\/\/ecolesdemines.be\/?page_id=90"},"modified":"2025-04-30T09:06:17","modified_gmt":"2025-04-30T09:06:17","slug":"accueil","status":"publish","type":"page","link":"https:\/\/ecolesdemines.be\/","title":{"rendered":"Accueil"},"content":{"rendered":"\n<p>Bienvenue sur le site de l&rsquo;Ecole d&rsquo;Emines<\/p>\n\n\n\n<p>Chers Parents,<\/p>\n\n\n\n<p>Merci de nous  accorder votre confiance en inscrivant ou en maintenant votre enfant \u00e0 l\u2019\u00e9cole communale d\u2019Emines-Villers. Comme les ann\u00e9es pr\u00e9c\u00e9dentes, tout sera fait pour lui assurer la meilleure \u00e9ducation, une bonne formation et une excellente ann\u00e9e scolaire.&nbsp;Notre souhait : une bonne et franche collaboration \u00e9cole-famille.&nbsp;<\/p>\n\n\n\n<p>Vous trouverez sur ce site une s\u00e9rie d\u2019informations utiles sur le fonctionnement de l\u2019\u00e9cole. N&rsquo;h\u00e9sitez pas \u00e0 y revenir r\u00e9guli\u00e8rement!L&rsquo;\u00e9quipe \u00e9ducative et moi-m\u00eame restons \u00e0 votre disposition pour toutes questions, remarques ou suggestions.<\/p>\n\n\n\n<figure class=\"wp-block-gallery columns-3 is-cropped wp-block-gallery-1 is-layout-flex wp-block-gallery-is-layout-flex\"><ul class=\"blocks-gallery-grid\"><li class=\"blocks-gallery-item\"><figure><img fetchpriority=\"high\" decoding=\"async\" width=\"800\" height=\"484\" src=\"https:\/\/ecolesdemines.be\/wp-content\/uploads\/2020\/08\/B9721527243Z.1_20191108165759_000GG4ESAI4P.2-0-1.jpg\" alt=\"\" data-id=\"94\" data-full-url=\"https:\/\/ecolesdemines.be\/wp-content\/uploads\/2020\/08\/B9721527243Z.1_20191108165759_000GG4ESAI4P.2-0-1.jpg\" data-link=\"https:\/\/ecolesdemines.be\/index.php\/accueil\/b9721527243z-1_20191108165759_000gg4esai4p-2-0-1\/\" class=\"wp-image-94\" srcset=\"https:\/\/ecolesdemines.be\/wp-content\/uploads\/2020\/08\/B9721527243Z.1_20191108165759_000GG4ESAI4P.2-0-1.jpg 800w, https:\/\/ecolesdemines.be\/wp-content\/uploads\/2020\/08\/B9721527243Z.1_20191108165759_000GG4ESAI4P.2-0-1-300x182.jpg 300w, https:\/\/ecolesdemines.be\/wp-content\/uploads\/2020\/08\/B9721527243Z.1_20191108165759_000GG4ESAI4P.2-0-1-768x465.jpg 768w\" sizes=\"(max-width: 800px) 100vw, 800px\" \/><\/figure><\/li><li class=\"blocks-gallery-item\"><figure><img decoding=\"async\" width=\"1024\" height=\"575\" src=\"https:\/\/ecolesdemines.be\/wp-content\/uploads\/2020\/08\/B9721527243Z.1_20191108165759_000GN7ESAHMT.1-0-1024x575.jpg\" alt=\"\" data-id=\"95\" data-full-url=\"https:\/\/ecolesdemines.be\/wp-content\/uploads\/2020\/08\/B9721527243Z.1_20191108165759_000GN7ESAHMT.1-0.jpg\" data-link=\"https:\/\/ecolesdemines.be\/index.php\/accueil\/b9721527243z-1_20191108165759_000gn7esahmt-1-0\/\" class=\"wp-image-95\" srcset=\"https:\/\/ecolesdemines.be\/wp-content\/uploads\/2020\/08\/B9721527243Z.1_20191108165759_000GN7ESAHMT.1-0-1024x575.jpg 1024w, https:\/\/ecolesdemines.be\/wp-content\/uploads\/2020\/08\/B9721527243Z.1_20191108165759_000GN7ESAHMT.1-0-300x169.jpg 300w, https:\/\/ecolesdemines.be\/wp-content\/uploads\/2020\/08\/B9721527243Z.1_20191108165759_000GN7ESAHMT.1-0-768x431.jpg 768w, https:\/\/ecolesdemines.be\/wp-content\/uploads\/2020\/08\/B9721527243Z.1_20191108165759_000GN7ESAHMT.1-0.jpg 1351w\" sizes=\"(max-width: 1024px) 100vw, 1024px\" \/><\/figure><\/li><li class=\"blocks-gallery-item\"><figure><img decoding=\"async\" width=\"945\" height=\"644\" src=\"https:\/\/ecolesdemines.be\/wp-content\/uploads\/2020\/08\/ecole.jpg\" alt=\"\" data-id=\"96\" data-full-url=\"https:\/\/ecolesdemines.be\/wp-content\/uploads\/2020\/08\/ecole.jpg\" data-link=\"https:\/\/ecolesdemines.be\/index.php\/accueil\/ecole\/\" class=\"wp-image-96\" srcset=\"https:\/\/ecolesdemines.be\/wp-content\/uploads\/2020\/08\/ecole.jpg 945w, https:\/\/ecolesdemines.be\/wp-content\/uploads\/2020\/08\/ecole-300x204.jpg 300w, https:\/\/ecolesdemines.be\/wp-content\/uploads\/2020\/08\/ecole-768x523.jpg 768w\" sizes=\"(max-width: 945px) 100vw, 945px\" \/><\/figure><\/li><li class=\"blocks-gallery-item\"><figure><img loading=\"lazy\" decoding=\"async\" width=\"800\" height=\"600\" src=\"https:\/\/ecolesdemines.be\/wp-content\/uploads\/2020\/08\/emines_plaque_aviateurs_UK_2.jpeg\" alt=\"\" data-id=\"97\" data-full-url=\"https:\/\/ecolesdemines.be\/wp-content\/uploads\/2020\/08\/emines_plaque_aviateurs_UK_2.jpeg\" data-link=\"https:\/\/ecolesdemines.be\/index.php\/accueil\/emines_plaque_aviateurs_uk_2\/\" class=\"wp-image-97\" srcset=\"https:\/\/ecolesdemines.be\/wp-content\/uploads\/2020\/08\/emines_plaque_aviateurs_UK_2.jpeg 800w, https:\/\/ecolesdemines.be\/wp-content\/uploads\/2020\/08\/emines_plaque_aviateurs_UK_2-300x225.jpeg 300w, https:\/\/ecolesdemines.be\/wp-content\/uploads\/2020\/08\/emines_plaque_aviateurs_UK_2-768x576.jpeg 768w\" sizes=\"(max-width: 800px) 100vw, 800px\" \/><\/figure><\/li><li class=\"blocks-gallery-item\"><figure><img loading=\"lazy\" decoding=\"async\" width=\"1024\" height=\"576\" src=\"https:\/\/ecolesdemines.be\/wp-content\/uploads\/2020\/08\/maxresdefault-1024x576.jpg\" alt=\"\" data-id=\"98\" data-full-url=\"https:\/\/ecolesdemines.be\/wp-content\/uploads\/2020\/08\/maxresdefault.jpg\" data-link=\"https:\/\/ecolesdemines.be\/index.php\/accueil\/maxresdefault\/\" class=\"wp-image-98\" srcset=\"https:\/\/ecolesdemines.be\/wp-content\/uploads\/2020\/08\/maxresdefault-1024x576.jpg 1024w, https:\/\/ecolesdemines.be\/wp-content\/uploads\/2020\/08\/maxresdefault-300x169.jpg 300w, https:\/\/ecolesdemines.be\/wp-content\/uploads\/2020\/08\/maxresdefault-768x432.jpg 768w, https:\/\/ecolesdemines.be\/wp-content\/uploads\/2020\/08\/maxresdefault.jpg 1280w\" sizes=\"(max-width: 1024px) 100vw, 1024px\" \/><\/figure><\/li><\/ul><\/figure>\n\n\n\n<div class=\"wp-block-image\"><figure class=\"aligncenter size-large is-resized\"><img loading=\"lazy\" decoding=\"async\" src=\"https:\/\/ecolesdemines.be\/wp-content\/uploads\/2020\/09\/ecole-1.jpg\" alt=\"\" class=\"wp-image-344\" width=\"572\" height=\"542\" srcset=\"https:\/\/ecolesdemines.be\/wp-content\/uploads\/2020\/09\/ecole-1.jpg 731w, https:\/\/ecolesdemines.be\/wp-content\/uploads\/2020\/09\/ecole-1-300x285.jpg 300w\" sizes=\"(max-width: 572px) 100vw, 572px\" \/><\/figure><\/div>\n\n\n\n<p><\/p>\n","protected":false},"excerpt":{"rendered":"<p>Bienvenue sur le site de l&rsquo;Ecole d&rsquo;Emines Chers Parents, Merci de nous accorder votre confiance en inscrivant ou en maintenant votre enfant \u00e0 l\u2019\u00e9cole communale d\u2019Emines-Villers. Comme les ann\u00e9es pr\u00e9c\u00e9dentes, tout sera fait pour lui assurer la meilleure \u00e9ducation, une bonne formation et une excellente ann\u00e9e scolaire.&nbsp;Notre souhait : une &hellip; <\/p>\n","protected":false},"author":1,"featured_media":0,"parent":0,"menu_order":0,"comment_status":"closed","ping_status":"closed","template":"","meta":{"footnotes":""},"class_list":["post-90","page","type-page","status-publish","hentry"],"_links":{"self":[{"href":"https:\/\/ecolesdemines.be\/index.php\/wp-json\/wp\/v2\/pages\/90","targetHints":{"allow":["GET"]}}],"collection":[{"href":"https:\/\/ecolesdemines.be\/index.php\/wp-json\/wp\/v2\/pages"}],"about":[{"href":"https:\/\/ecolesdemines.be\/index.php\/wp-json\/wp\/v2\/types\/page"}],"author":[{"embeddable":true,"href":"https:\/\/ecolesdemines.be\/index.php\/wp-json\/wp\/v2\/users\/1"}],"replies":[{"embeddable":true,"href":"https:\/\/ecolesdemines.be\/index.php\/wp-json\/wp\/v2\/comments?post=90"}],"version-history":[{"count":10,"href":"https:\/\/ecolesdemines.be\/index.php\/wp-json\/wp\/v2\/pages\/90\/revisions"}],"predecessor-version":[{"id":347,"href":"https:\/\/ecolesdemines.be\/index.php\/wp-json\/wp\/v2\/pages\/90\/revisions\/347"}],"wp:attachment":[{"href":"https:\/\/ecolesdemines.be\/index.php\/wp-json\/wp\/v2\/media?parent=90"}],"curies":[{"name":"wp","href":"https:\/\/api.w.org\/{rel}","templated":true}]}}